{"id":928,"date":"2014-03-13T12:41:01","date_gmt":"2014-03-13T12:41:01","guid":{"rendered":"http:\/\/www.jaljenjattilainen.com\/ferralcomponents\/?page_id=928"},"modified":"2024-09-03T20:54:02","modified_gmt":"2024-09-03T17:54:02","slug":"laatu-ja-sertifikaatit","status":"publish","type":"page","link":"https:\/\/www.ferral.fi\/sv\/tuotteet-ja-palvelut\/laatu-ja-sertifikaatit\/","title":{"rendered":"Kvalitet och certificat"},"content":{"rendered":"<input class=\"fooboxshare_post_id\" type=\"hidden\" value=\"928\"\/><p><strong>Kvalitetss\u00e4kring<\/strong><br \/>\n<strong>Alla st\u00e5lsorter:<\/strong><br \/>\nDragprov, slagprov, charpy V,\u00a0f\u00f6rl\u00e4ngning, krympning, h\u00e5rdhet (Brinell) och intergranul\u00e4r\u00a0korrosion.<\/p>\n<p><strong>Duplex:<\/strong><br \/>\nVarmdragprov och ferrithaltsm\u00e4tning<\/p>\n<p><strong>Extra provning:<\/strong><br \/>\nVT (visuell kontroll), PT (lokalisering\u00a0av sprickor i ytan), UT (inneslutningskontroll), slagprov\u00a0(minustemperatur och r\u00f6ntgenstr\u00e5lar).<\/p>\n<p><strong>Dimensionsinspektion:<\/strong><br \/>\nFaro 7-axlig m\u00e4tarm 2,4 m,\u00a0Trimos Horizon 1000 m\u00e4tinstrument.<\/p>","protected":false},"excerpt":{"rendered":"<p>Kvalitetss\u00e4kring Alla st\u00e5lsorter: Dragprov, slagprov, charpy V,\u00a0f\u00f6rl\u00e4ngning, krympning, h\u00e5rdhet (Brinell) och intergranul\u00e4r\u00a0korrosion. Duplex: Varmdragprov och ferrithaltsm\u00e4tning Extra provning: VT (visuell kontroll), PT (lokalisering\u00a0av sprickor i ytan), UT (inneslutningskontroll), slagprov\u00a0(minustemperatur och r\u00f6ntgenstr\u00e5lar). Dimensionsinspektion: Faro 7-axlig m\u00e4tarm 2,4 m,\u00a0Trimos Horizon 1000 m\u00e4tinstrument.<\/p>\n","protected":false},"author":2,"featured_media":0,"parent":904,"menu_order":0,"comment_status":"closed","ping_status":"open","template":"","meta":{"ngg_post_thumbnail":0,"footnotes":""},"class_list":["post-928","page","type-page","status-publish","hentry"],"_links":{"self":[{"href":"https:\/\/www.ferral.fi\/sv\/wp-json\/wp\/v2\/pages\/928","targetHints":{"allow":["GET"]}}],"collection":[{"href":"https:\/\/www.ferral.fi\/sv\/wp-json\/wp\/v2\/pages"}],"about":[{"href":"https:\/\/www.ferral.fi\/sv\/wp-json\/wp\/v2\/types\/page"}],"author":[{"embeddable":true,"href":"https:\/\/www.ferral.fi\/sv\/wp-json\/wp\/v2\/users\/2"}],"replies":[{"embeddable":true,"href":"https:\/\/www.ferral.fi\/sv\/wp-json\/wp\/v2\/comments?post=928"}],"version-history":[{"count":0,"href":"https:\/\/www.ferral.fi\/sv\/wp-json\/wp\/v2\/pages\/928\/revisions"}],"up":[{"embeddable":true,"href":"https:\/\/www.ferral.fi\/sv\/wp-json\/wp\/v2\/pages\/904"}],"wp:attachment":[{"href":"https:\/\/www.ferral.fi\/sv\/wp-json\/wp\/v2\/media?parent=928"}],"curies":[{"name":"wp","href":"https:\/\/api.w.org\/{rel}","templated":true}]}}