{"id":904,"date":"2014-03-13T12:09:13","date_gmt":"2014-03-13T12:09:13","guid":{"rendered":"http:\/\/www.jaljenjattilainen.com\/ferralcomponents\/?page_id=904"},"modified":"2024-09-03T20:54:02","modified_gmt":"2024-09-03T17:54:02","slug":"tuotteet-ja-palvelut","status":"publish","type":"page","link":"https:\/\/www.ferral.fi\/sv\/tuotteet-ja-palvelut\/","title":{"rendered":"Produkter och tj\u00e4nster"},"content":{"rendered":"<input class=\"fooboxshare_post_id\" type=\"hidden\" value=\"904\"\/><p><div class=\"fusion-fullwidth fullwidth-box fusion-builder-row-1 fusion-flex-container nonhundred-percent-fullwidth non-hundred-percent-height-scrolling\" style=\"--awb-border-radius-top-left:0px;--awb-border-radius-top-right:0px;--awb-border-radius-bottom-right:0px;--awb-border-radius-bottom-left:0px;--awb-flex-wrap:wrap;\" ><div class=\"fusion-builder-row fusion-row fusion-flex-align-items-flex-start fusion-flex-content-wrap\" style=\"max-width:1144px;margin-left: calc(-4% \/ 2 );margin-right: calc(-4% \/ 2 );\"><div class=\"fusion-layout-column fusion_builder_column fusion-builder-column-0 fusion_builder_column_1_1 1_1 fusion-flex-column\" style=\"--awb-bg-size:cover;--awb-width-large:100%;--awb-margin-top-large:0px;--awb-spacing-right-large:1.92%;--awb-margin-bottom-large:0px;--awb-spacing-left-large:1.92%;--awb-width-medium:100%;--awb-spacing-right-medium:1.92%;--awb-spacing-left-medium:1.92%;--awb-width-small:100%;--awb-spacing-right-small:1.92%;--awb-spacing-left-small:1.92%;\"><div class=\"fusion-column-wrapper fusion-flex-justify-content-flex-start fusion-content-layout-column\"><div class=\"fusion-text fusion-text-1\"><p><\/p>\n<\/div><\/div><\/div><\/div><\/div><div class=\"fusion-fullwidth fullwidth-box fusion-builder-row-10 fusion-flex-container nonhundred-percent-fullwidth non-hundred-percent-height-scrolling\" style=\"--awb-border-radius-top-left:0px;--awb-border-radius-top-right:0px;--awb-border-radius-bottom-right:0px;--awb-border-radius-bottom-left:0px;--awb-flex-wrap:wrap;\" ><div class=\"fusion-builder-row fusion-row fusion-flex-align-items-flex-start fusion-flex-content-wrap\" style=\"max-width:1144px;margin-left: calc(-4% \/ 2 );margin-right: calc(-4% \/ 2 );\"><div class=\"fusion-layout-column fusion_builder_column fusion-builder-column-19 fusion_builder_column_1_1 1_1 fusion-flex-column\" style=\"--awb-bg-blend:overlay;--awb-bg-size:cover;--awb-width-large:100%;--awb-margin-top-large:0px;--awb-spacing-right-large:1.92%;--awb-margin-bottom-large:0px;--awb-spacing-left-large:1.92%;--awb-width-medium:100%;--awb-spacing-right-medium:1.92%;--awb-spacing-left-medium:1.92%;--awb-width-small:100%;--awb-spacing-right-small:1.92%;--awb-spacing-left-small:1.92%;\"><div class=\"fusion-column-wrapper fusion-flex-justify-content-flex-start fusion-content-layout-column\"><div class=\"fusion-text fusion-text-17\"><\/div><\/div><\/div><\/div><\/div><div class=\"fusion-fullwidth fullwidth-box fusion-builder-row-11 nonhundred-percent-fullwidth non-hundred-percent-height-scrolling\" style=\"--awb-border-radius-top-left:0px;--awb-border-radius-top-right:0px;--awb-border-radius-bottom-right:0px;--awb-border-radius-bottom-left:0px;--awb-flex-wrap:wrap;\" ><div class=\"fusion-builder-row fusion-row\"><div class=\"fusion-layout-column fusion_builder_column fusion-builder-column-20 fusion_builder_column_2_3 2_3 fusion-two-third fusion-column-first\" style=\"--awb-bg-blend:overlay;--awb-bg-size:cover;--awb-margin-bottom:0px;width:65.3333%; margin-right: 4%;\"><div class=\"fusion-column-wrapper fusion-flex-column-wrapper-legacy\"><div class=\"fusion-title title fusion-title-8 fusion-title-text fusion-title-size-one\" style=\"--awb-margin-top-small:10px;--awb-margin-right-small:0px;--awb-margin-bottom-small:10px;--awb-margin-left-small:0px;\"><h1 class=\"fusion-title-heading title-heading-left fusion-responsive-typography-calculated\" style=\"margin:0;--fontSize:34;line-height:1.4;\"><h2>Produkter och tj\u00e4nster<\/h2><\/h1><span class=\"awb-title-spacer\"><\/span><div class=\"title-sep-container\"><div class=\"title-sep sep-double sep-solid\" style=\"border-color:#e0dede;\"><\/div><\/div><\/div><div class=\"fusion-text fusion-text-18\"><p><strong>Tj\u00e4nster<\/strong><br \/>\nBr\u00e4nnsk\u00e4rning och plasmask\u00e4rning | Bockning | Fasning | Svetsning | Maskinbearbetning | Kvalitetss\u00e4kring | Ytbehandling och m\u00e5lning | Delmontering<br \/>\n<strong><br \/>\nMetallsorter<\/strong><br \/>\nKolst\u00e5l | Tryckk\u00e4rlsst\u00e5l | Rostfritt st\u00e5l | Duplex | Superduplex | Superaustenit | Gr\u00e5j\u00e4rn | Segj\u00e4rn | Titan | Aluminium<\/p>\n<p>Ferral Components erbjuder ett brett sortiment av h\u00f6gklassiga metallkomponenter samt kontraktstillverkning till olika industrisektorer, s\u00e5som s\u00e5som maskin- och metall-, varvs-, olja och gas-, kemi- samt pappers- och cellulosaindustrin.<\/p>\n<\/div><div class=\"fusion-title title fusion-title-9 fusion-title-text fusion-title-size-one\" style=\"--awb-margin-top-small:10px;--awb-margin-right-small:0px;--awb-margin-bottom-small:10px;--awb-margin-left-small:0px;\"><h1 class=\"fusion-title-heading title-heading-left fusion-responsive-typography-calculated\" style=\"margin:0;--fontSize:34;line-height:1.4;\"><h2>Kvalitet och certificat<\/h2><\/h1><span class=\"awb-title-spacer\"><\/span><div class=\"title-sep-container\"><div class=\"title-sep sep-double sep-solid\" style=\"border-color:#e0dede;\"><\/div><\/div><\/div><div class=\"fusion-text fusion-text-19\"><p><strong>Kvalitetss\u00e4kring<\/strong><br \/>\n<strong>Alla st\u00e5lsorter:<\/strong><br \/>\nDragprov, slagprov, charpy V,&nbsp;f\u00f6rl\u00e4ngning, krympning, h\u00e5rdhet (Brinell) och intergranul\u00e4r&nbsp;korrosion.<\/p>\n<p><strong>Duplex:<\/strong><br \/>\nVarmdragprov och ferrithaltsm\u00e4tning<\/p>\n<p><strong>Extra provning:<\/strong><br \/>\nVT (visuell kontroll), PT (lokalisering&nbsp;av sprickor i ytan), UT (inneslutningskontroll), slagprov&nbsp;(minustemperatur och r\u00f6ntgenstr\u00e5lar).<\/p>\n<p><strong>Dimensionsinspektion:<\/strong><br \/>\nFaro 7-axlig m\u00e4tarm 2,4 m,&nbsp;Trimos Horizon 1000 m\u00e4tinstrument.<\/p>\n<p><strong>Certificat<\/strong><br \/>\n\u2022 <a href=\"https:\/\/www.nordicflanges.com\/filer\/godkannanden\/2483-12en.pdf\" target=\"_blank\" rel=\"noopener noreferrer\">ISO 9001:2008 Quality management system<\/a><br \/>\n\u2022 <a href=\"https:\/\/www.nordicflanges.com\/filer\/godkannanden\/2484-12en.pdf\" target=\"_blank\" rel=\"noopener noreferrer\">ISO 14001:2004 Environmental management system<\/a><br \/>\n\u2022 <a href=\"https:\/\/www.nordicflanges.com\/filer\/godkannanden\/10997-02en.pdf\" target=\"_blank\" rel=\"noopener\">ISO 45001:2004 Occupational healthand safety system<\/a><br \/>\n\u2022 <a href=\"https:\/\/www.nordicflanges.com\/filer\/godkannanden\/Ferral_PED_2023.pdf\" target=\"_blank\" rel=\"noopener noreferrer\">European Pressure Equipment Directive 2014\/68\/EU standard EN 764-5:2014<\/a><br \/>\n\u2022 <a href=\"https:\/\/www.nordicflanges.com\/filer\/godkannanden\/EN_1090.pdf\" target=\"_blank\" rel=\"noopener noreferrer\">EN 1090-2:2008+A1:2011<\/a><\/p>\n<\/div><div class=\"fusion-clearfix\"><\/div><\/div><\/div><div class=\"fusion-layout-column fusion_builder_column fusion-builder-column-21 fusion_builder_column_1_3 1_3 fusion-one-third fusion-column-last\" style=\"--awb-bg-blend:overlay;--awb-bg-size:cover;width:30.6666%;\"><div class=\"fusion-column-wrapper fusion-flex-column-wrapper-legacy\"><div class=\"fusion-image-element in-legacy-container\" style=\"--awb-caption-title-font-family:var(--h2_typography-font-family);--awb-caption-title-font-weight:var(--h2_typography-font-weight);--awb-caption-title-font-style:var(--h2_typography-font-style);--awb-caption-title-size:var(--h2_typography-font-size);--awb-caption-title-transform:var(--h2_typography-text-transform);--awb-caption-title-line-height:var(--h2_typography-line-height);--awb-caption-title-letter-spacing:var(--h2_typography-letter-spacing);\"><span class=\" fusion-imageframe imageframe-none imageframe-6 hover-type-none\"><img decoding=\"async\" width=\"650\" height=\"918\" title=\"ferral-image-extra\" src=\"http:\/\/www.ferral.fi\/wp-content\/uploads\/2014\/03\/ferral-image-extra.jpg\" alt class=\"img-responsive wp-image-1993\" srcset=\"https:\/\/www.ferral.fi\/wp-content\/uploads\/2014\/03\/ferral-image-extra-200x282.jpg 200w, https:\/\/www.ferral.fi\/wp-content\/uploads\/2014\/03\/ferral-image-extra-400x565.jpg 400w, https:\/\/www.ferral.fi\/wp-content\/uploads\/2014\/03\/ferral-image-extra-600x847.jpg 600w, https:\/\/www.ferral.fi\/wp-content\/uploads\/2014\/03\/ferral-image-extra.jpg 650w\" sizes=\"(max-width: 800px) 100vw, 400px\" \/><\/span><\/div><div class=\"fusion-clearfix\"><\/div><\/div><\/div><div class=\"fusion-layout-column fusion_builder_column fusion-builder-column-22 fusion_builder_column_1_1 1_1 fusion-one-full fusion-column-first fusion-column-last\" style=\"--awb-bg-blend:overlay;--awb-bg-size:cover;\"><div class=\"fusion-column-wrapper fusion-flex-column-wrapper-legacy\"><div class=\"fusion-title title fusion-title-10 fusion-title-text fusion-title-size-one\" style=\"--awb-margin-top-small:10px;--awb-margin-right-small:0px;--awb-margin-bottom-small:10px;--awb-margin-left-small:0px;\"><h1 class=\"fusion-title-heading title-heading-left fusion-responsive-typography-calculated\" style=\"margin:0;--fontSize:34;line-height:1.4;\"><h2>Maskinpark<\/h2><\/h1><span class=\"awb-title-spacer\"><\/span><div class=\"title-sep-container\"><div class=\"title-sep sep-double sep-solid\" style=\"border-color:#e0dede;\"><\/div><\/div><\/div><div class=\"fusion-clearfix\"><\/div><\/div><\/div><div class=\"fusion-layout-column fusion_builder_column fusion-builder-column-23 fusion_builder_column_1_2 1_2 fusion-one-half fusion-column-first\" style=\"--awb-bg-blend:overlay;--awb-bg-size:cover;width:50%;width:calc(50% - ( ( 4% ) * 0.5 ) );margin-right: 4%;\"><div class=\"fusion-column-wrapper fusion-flex-column-wrapper-legacy\"><div class=\"fusion-text fusion-text-20\"><div class=\"box one box-shadow\">\n<div id=\"box_91748\" class=\"template_builder box-shadow box two first \">\n<div class=\"fixed-row\">\n<div id=\"post-983\" class=\"template_builder box home-content-box box-shadow one first last \">\n<p><strong>5-axlig maskinbearbetningscentral<\/strong><br \/>\n\u2022 DMG DMU 200P: 1 800 x 2 000 x 1 100 mm<\/p>\n<p><strong>Vertikala CNC-bearbetningscentraler<\/strong><br \/>\n\u2022 DMG 200T: 1 800 x 2 000 x 1 100 mm<br \/>\n\u2022 Johnford 1024: 1 400 x 710 x 710 mm<br \/>\n\u2022 Yang: 600 x 400 x 600 mm<br \/>\n\u2022 Unisign Univers 8: 3 400 x 800 x 650 mm<\/p>\n<p><strong>Horisontell CNC-bearbetningscentral<\/strong><br \/>\n\u2022 Kitamura H600B: 1 016 x 813 x 765 mm, 6 paletter<\/p>\n<p><strong>Vertikala CNC-bearbetningscentraler med r\u00f6rlig kolumn<\/strong><br \/>\n\u2022 Unisign Uniport 6: 8 000 x 2 000 x 1 000 mm<br \/>\n\u2022 Unisign Uniport 3: 3 000 x 1 200 x 1 000 mm<\/p>\n<p><strong>Horisontella CNC-svarvar, sv\u00e4ngbara<\/strong><br \/>\n\u2022 Colchester 6 000L, max. dia. 800 mm<br \/>\n\u2022 Haas SL30, max. dia. 600 mm<br \/>\n\u2022 Tornado, max. dia. 550 mm<br \/>\n\u2022 Pinochio, max. dia. 500 mm, teach in-svarv (NC)<br \/>\n\u2022 Puma, max. dia. 700 mm<\/p>\n<p><strong>Vertikal CNC-karusellsvarv<\/strong><br \/>\n\u2022 Hankook VTC-160E, max. dia. 2 000 mm<br \/>\n\u2022 Unisign Univers 6, max. dia. 1 100 mm, 2 chuckar<\/p>\n<p><strong>Vertikal CNC-svarv, sv\u00e4ngbar<\/strong><br \/>\n\u2022 Pittler PV1000\/1-1: max. dia. 1 200 mm<br \/>\n\u2022 Okuma ACT2SP5: max. dia. 780 mm, 2 chuckar<\/p>\n<p><strong>Manuell vertikal sv\u00e4ngbar maskin<\/strong><br \/>\n\u2022 max. dia. 2 400 mm<\/p>\n<p><strong>Manuella horisontella sv\u00e4ngbara svarvar<\/strong><br \/>\n\u2022 5 st.<\/p>\n<\/div>\n<\/div>\n<\/div>\n<div id=\"box_13213\" class=\"template_builder box-shadow box two last\">&nbsp;<\/div>\n<\/div>\n<div id=\"row_order_2\" class=\"fixed-row clearfix\">&nbsp;<\/div>\n<\/div><div class=\"fusion-clearfix\"><\/div><\/div><\/div><div class=\"fusion-layout-column fusion_builder_column fusion-builder-column-24 fusion_builder_column_1_2 1_2 fusion-one-half fusion-column-last\" style=\"--awb-bg-blend:overlay;--awb-bg-size:cover;width:50%;width:calc(50% - ( ( 4% ) * 0.5 ) );\"><div class=\"fusion-column-wrapper fusion-flex-column-wrapper-legacy\"><div class=\"fusion-text fusion-text-21\"><div class=\"box one box-shadow\">\n<div id=\"box_91748\" class=\"template_builder box-shadow box two first \">&nbsp;<\/div>\n<div id=\"box_13213\" class=\"template_builder box-shadow box two last\">\n<div class=\"fixed-row\">\n<div id=\"post-984\" class=\"template_builder box home-content-box box-shadow one first last \">\n<p><strong>Br\u00e4nnsk\u00e4rning och plasmask\u00e4rning<\/strong><br \/>\n\u2022 2 st. Robotronic-CNC-styrda br\u00e4nnsk\u00e4rningsmaskiner<br \/>\n\u2022 1 st. Robotronic-CNC-styrd maskin f\u00f6r finstr\u00e5leplasmask\u00e4rning<br \/>\n\u2022 Max. plattstorlek 100 x 2 500 x 6 000 mm<\/p>\n<p><strong>S\u00e5gning<\/strong><br \/>\n\u2022 Kallcirkels\u00e5g, Kaltenbach 400<\/p>\n<p><strong>CNC ABS (materiallastning, matningssystem)<\/strong><br \/>\n\u2022 Kallcirkels\u00e5g, Kaltenbach 400 CNC<br \/>\n\u2022 Horisontell bands\u00e5g, Kasto Twin A2<\/p>\n<p><strong>Profilbockning<\/strong><br \/>\n\u2022 Roundo R 7S, 300 cm3<\/p>\n<p><strong>Ringbockning<\/strong><br \/>\n\u2022 Irle<\/p>\n<p><strong>St\u00e5lsandsbl\u00e4string<\/strong><br \/>\n\u2022 Konrad Rump<\/p>\n<p><strong>Svetsning<\/strong><br \/>\n\u2022 2 st. Motoman svetsrobotar, 6-axliga<br \/>\n\u2013 Manipulator, tv\u00e5 svetsstationer<br \/>\n\u2013 CNC-bord, fyra svetsceller, station<br \/>\n\u2022 Flera Mig\/Mag-svetsmaskiner<\/p>\n<p><strong>Hydrauliska kantpress<\/strong><br \/>\n\u2022 SMT 400 ton\/3 700 mm<\/p>\n<p><strong>Gaff eltruckar<\/strong><br \/>\n\u2022 Kalmar LMV 9 000 kg<br \/>\n\u2022 JCB Teletruck TLT30-4, 3 000 kg<br \/>\n\u2022 Combilift, 3 000 kg<br \/>\n\u2022 Manitou MSI 30T, 3 000 kg<br \/>\n\u2022 Mitsubishi, 1 600 kg, 3 st.<\/p>\n<\/div>\n<\/div>\n<\/div>\n<\/div>\n<div id=\"row_order_2\" class=\"fixed-row clearfix\">&nbsp;<\/div>\n<\/div><div class=\"fusion-clearfix\"><\/div><\/div><\/div><\/div><\/div><div class=\"fusion-fullwidth fullwidth-box fusion-builder-row-12 fusion-flex-container nonhundred-percent-fullwidth non-hundred-percent-height-scrolling\" style=\"--awb-border-radius-top-left:0px;--awb-border-radius-top-right:0px;--awb-border-radius-bottom-right:0px;--awb-border-radius-bottom-left:0px;--awb-flex-wrap:wrap;\" ><div class=\"fusion-builder-row fusion-row fusion-flex-align-items-flex-start fusion-flex-content-wrap\" style=\"max-width:1144px;margin-left: calc(-4% \/ 2 );margin-right: calc(-4% \/ 2 );\"><div class=\"fusion-layout-column fusion_builder_column fusion-builder-column-25 fusion_builder_column_1_1 1_1 fusion-flex-column\" style=\"--awb-bg-blend:overlay;--awb-bg-size:cover;--awb-width-large:100%;--awb-margin-top-large:0px;--awb-spacing-right-large:1.92%;--awb-margin-bottom-large:0px;--awb-spacing-left-large:1.92%;--awb-width-medium:100%;--awb-spacing-right-medium:1.92%;--awb-spacing-left-medium:1.92%;--awb-width-small:100%;--awb-spacing-right-small:1.92%;--awb-spacing-left-small:1.92%;\"><div class=\"fusion-column-wrapper fusion-flex-justify-content-flex-start fusion-content-layout-column\"><div class=\"fusion-text fusion-text-22\"><\/div><\/div><\/div><\/div><\/div><div class=\"fusion-fullwidth fullwidth-box fusion-builder-row-13 fusion-flex-container nonhundred-percent-fullwidth non-hundred-percent-height-scrolling\" style=\"--awb-border-radius-top-left:0px;--awb-border-radius-top-right:0px;--awb-border-radius-bottom-right:0px;--awb-border-radius-bottom-left:0px;--awb-flex-wrap:wrap;\" ><div class=\"fusion-builder-row fusion-row fusion-flex-align-items-flex-start fusion-flex-content-wrap\" style=\"max-width:1144px;margin-left: calc(-4% \/ 2 );margin-right: calc(-4% \/ 2 );\"><div class=\"fusion-layout-column fusion_builder_column fusion-builder-column-26 fusion_builder_column_1_1 1_1 fusion-flex-column\" style=\"--awb-bg-size:cover;--awb-width-large:100%;--awb-margin-top-large:0px;--awb-spacing-right-large:1.92%;--awb-margin-bottom-large:0px;--awb-spacing-left-large:1.92%;--awb-width-medium:100%;--awb-spacing-right-medium:1.92%;--awb-spacing-left-medium:1.92%;--awb-width-small:100%;--awb-spacing-right-small:1.92%;--awb-spacing-left-small:1.92%;\"><div class=\"fusion-column-wrapper fusion-flex-justify-content-flex-start fusion-content-layout-column\"><div class=\"fusion-text fusion-text-23\"><p><\/p>\n<\/div><\/div><\/div><\/div><\/div><\/p>","protected":false},"excerpt":{"rendered":"","protected":false},"author":4,"featured_media":0,"parent":0,"menu_order":0,"comment_status":"closed","ping_status":"open","template":"","meta":{"ngg_post_thumbnail":0,"footnotes":""},"class_list":["post-904","page","type-page","status-publish","hentry"],"_links":{"self":[{"href":"https:\/\/www.ferral.fi\/sv\/wp-json\/wp\/v2\/pages\/904","targetHints":{"allow":["GET"]}}],"collection":[{"href":"https:\/\/www.ferral.fi\/sv\/wp-json\/wp\/v2\/pages"}],"about":[{"href":"https:\/\/www.ferral.fi\/sv\/wp-json\/wp\/v2\/types\/page"}],"author":[{"embeddable":true,"href":"https:\/\/www.ferral.fi\/sv\/wp-json\/wp\/v2\/users\/4"}],"replies":[{"embeddable":true,"href":"https:\/\/www.ferral.fi\/sv\/wp-json\/wp\/v2\/comments?post=904"}],"version-history":[{"count":0,"href":"https:\/\/www.ferral.fi\/sv\/wp-json\/wp\/v2\/pages\/904\/revisions"}],"wp:attachment":[{"href":"https:\/\/www.ferral.fi\/sv\/wp-json\/wp\/v2\/media?parent=904"}],"curies":[{"name":"wp","href":"https:\/\/api.w.org\/{rel}","templated":true}]}}