{"id":2559,"date":"2023-04-17T12:55:41","date_gmt":"2023-04-17T09:55:41","guid":{"rendered":"http:\/\/www.ferral.fi\/?page_id=2559"},"modified":"2024-09-03T20:54:02","modified_gmt":"2024-09-03T17:54:02","slug":"about","status":"publish","type":"page","link":"https:\/\/www.ferral.fi\/sv\/about\/","title":{"rendered":"Om Ferral"},"content":{"rendered":"<input class=\"fooboxshare_post_id\" type=\"hidden\" value=\"2559\"\/><p><div class=\"fusion-fullwidth fullwidth-box fusion-builder-row-6 nonhundred-percent-fullwidth non-hundred-percent-height-scrolling\" style=\"--awb-border-radius-top-left:0px;--awb-border-radius-top-right:0px;--awb-border-radius-bottom-right:0px;--awb-border-radius-bottom-left:0px;--awb-flex-wrap:wrap;\" ><div class=\"fusion-builder-row fusion-row\"><div class=\"fusion-layout-column fusion_builder_column fusion-builder-column-13 fusion_builder_column_1_1 1_1 fusion-one-full fusion-column-first fusion-column-last\" style=\"--awb-bg-blend:overlay;--awb-bg-size:cover;--awb-margin-bottom:0px;\"><div class=\"fusion-column-wrapper fusion-flex-column-wrapper-legacy\"><div class=\"fusion-title title fusion-title-5 fusion-title-text fusion-title-size-one\" style=\"--awb-margin-top-small:10px;--awb-margin-right-small:0px;--awb-margin-bottom-small:10px;--awb-margin-left-small:0px;\"><h1 class=\"fusion-title-heading title-heading-left fusion-responsive-typography-calculated\" style=\"margin:0;--fontSize:34;line-height:1.4;\"><h2>Om Ferral<\/h2><\/h1><span class=\"awb-title-spacer\"><\/span><div class=\"title-sep-container\"><div class=\"title-sep sep-double sep-solid\" style=\"border-color:#e0dede;\"><\/div><\/div><\/div><div class=\"fusion-clearfix\"><\/div><\/div><\/div><div class=\"fusion-layout-column fusion_builder_column fusion-builder-column-14 fusion_builder_column_1_2 1_2 fusion-one-half fusion-column-first\" style=\"--awb-bg-blend:overlay;--awb-bg-size:cover;--awb-margin-bottom:0px;width:48%; margin-right: 4%;\"><div class=\"fusion-column-wrapper fusion-flex-column-wrapper-legacy\"><div class=\"fusion-text fusion-text-10\"><h2>N\u00e4r du beh\u00f6ver kundspecificerade komponenter eller andra specialprodukter har vi en unik kompetens och erfarenhet inom produktion, lagerh\u00e5llning och logistik som ger dig valfria l\u00f6sningar.<\/h2>\n<h2>Ferral Components levererar h\u00f6gkvalitativa metallkomponenter och underleverant\u00f6rstj\u00e4nster till flera olika industrisektorer, s\u00e5som maskin-, varvs-, olje- &amp; gas-, kemikalie- samt pappers- &amp; massaindustrin.<\/h2>\n<\/div><div class=\"fusion-clearfix\"><\/div><\/div><\/div><div class=\"fusion-layout-column fusion_builder_column fusion-builder-column-15 fusion_builder_column_1_2 1_2 fusion-one-half fusion-column-last\" style=\"--awb-bg-blend:overlay;--awb-bg-size:cover;--awb-margin-bottom:0px;width:48%;\"><div class=\"fusion-column-wrapper fusion-flex-column-wrapper-legacy\"><div class=\"fusion-text fusion-text-11\"><p><a href=\"http:\/\/www.nordicflanges.com\" target=\"_blank\" rel=\"attachment wp-att-1809 noopener\"><img decoding=\"async\" class=\"alignnone size-full wp-image-1809\" src=\"http:\/\/www.ferral.fi\/wp-content\/uploads\/2014\/03\/logo.png\" alt=\"logo\" width=\"175\" height=\"99\" srcset=\"https:\/\/www.ferral.fi\/wp-content\/uploads\/2014\/03\/logo-160x91.png 160w, https:\/\/www.ferral.fi\/wp-content\/uploads\/2014\/03\/logo.png 175w\" sizes=\"(max-width: 175px) 100vw, 175px\" \/><\/a><\/p>\n<h2>Ferral Components \u00e4r en del av Nordic Flanges Group<\/h2>\n<p>Ferral Components \u00e4r en del av den svenska industrikoncernen Nordic Flanges Group tillsammans med systerf\u00f6retag i Kronoby och \u00d6rnsk\u00f6ldsvik.<\/p>\n<\/div><div class=\"fusion-clearfix\"><\/div><\/div><\/div><div class=\"fusion-layout-column fusion_builder_column fusion-builder-column-16 fusion_builder_column_1_2 1_2 fusion-one-half fusion-column-first\" style=\"--awb-bg-blend:overlay;--awb-bg-size:cover;--awb-margin-bottom:0px;width:48%; margin-right: 4%;\"><div class=\"fusion-column-wrapper fusion-flex-column-wrapper-legacy\"><div class=\"fusion-sep-clear\"><\/div><div class=\"fusion-separator fusion-full-width-sep\" style=\"margin-left: auto;margin-right: auto;margin-top:10px;width:100%;\"><\/div><div class=\"fusion-sep-clear\"><\/div><div class=\"fusion-text fusion-text-12\"><p><img decoding=\"async\" class=\"alignnone wp-image-960\" src=\"http:\/\/www.ferral.fi\/wp-content\/uploads\/2014\/03\/abb.jpg\" alt=\"abb\" width=\"173\" height=\"69\"><\/p>\n<h2 class=\"fusion-responsive-typography-calculated\" style=\"--fontsize: 18; line-height: 1.5; --minfontsize: 18;\" data-fontsize=\"18\" data-lineheight=\"27px\">En av v\u00e5ra l\u00e5ngvariga kunder \u00e4r ABB Oy Motors and Generators i Helsingfors, till vilken vi levererar ett stort antal komponenter.<\/h2>\n<p>&#8221;Kundorienterad, kr\u00e4vande produktion kr\u00e4ver ett utm\u00e4rkt samarbete med v\u00e5ra underleverant\u00f6rer. Kvaliteten och leveranss\u00e4kerheten f\u00e5r inte \u00e4ventyras. Vid behov f\u00f6rv\u00e4ntar vi oss ocks\u00e5 ett snabbt och flexibelt svar. Tillsammans med oss m\u00e5ste v\u00e5ra underleverant\u00f6rer m\u00f6ta globala utmaningar genom f\u00f6rb\u00e4ttrad produktivitet, upphandling och effektiva processer.&#8221;<\/p>\n<\/div><div class=\"fusion-clearfix\"><\/div><\/div><\/div><div class=\"fusion-layout-column fusion_builder_column fusion-builder-column-17 fusion_builder_column_1_2 1_2 fusion-one-half fusion-column-last\" style=\"--awb-bg-blend:overlay;--awb-bg-size:cover;--awb-margin-bottom:0px;width:48%;\"><div class=\"fusion-column-wrapper fusion-flex-column-wrapper-legacy\"><div class=\"fusion-title title fusion-title-6 fusion-title-text fusion-title-size-two\" style=\"--awb-margin-top-small:10px;--awb-margin-right-small:0px;--awb-margin-bottom-small:10px;--awb-margin-left-small:0px;\"><h2 class=\"fusion-title-heading title-heading-left fusion-responsive-typography-calculated\" style=\"margin:0;--fontSize:18;--minFontSize:18;line-height:1.5;\"><h2>Business Area \u2013 Nordic Flanges Group<\/h2><\/h2><span class=\"awb-title-spacer\"><\/span><div class=\"title-sep-container\"><div class=\"title-sep sep-double sep-solid\" style=\"border-color:#e0dede;\"><\/div><\/div><\/div><div class=\"fusion-image-element in-legacy-container\" style=\"--awb-caption-title-font-family:var(--h2_typography-font-family);--awb-caption-title-font-weight:var(--h2_typography-font-weight);--awb-caption-title-font-style:var(--h2_typography-font-style);--awb-caption-title-size:var(--h2_typography-font-size);--awb-caption-title-transform:var(--h2_typography-text-transform);--awb-caption-title-line-height:var(--h2_typography-line-height);--awb-caption-title-letter-spacing:var(--h2_typography-letter-spacing);\"><span class=\" fusion-imageframe imageframe-none imageframe-3 hover-type-none\" style=\"border-radius:3px;\"><a href=\"http:\/\/www.ferral.fi\/wp-content\/uploads\/2022\/08\/ferral_map-1.gif\" class=\"fusion-lightbox\" data-rel=\"iLightbox[ee62c513d4acdb5b8d2]\" data-title=\"Ferral map\" title=\"Ferral map\"><img decoding=\"async\" width=\"1103\" height=\"402\" alt=\"Ferral map\" src=\"http:\/\/www.ferral.fi\/wp-content\/uploads\/2022\/08\/ferral_map-1.gif\" class=\"img-responsive wp-image-2291\"\/><\/a><\/span><\/div><div class=\"fusion-clearfix\"><\/div><\/div><\/div><\/div><\/div><div class=\"fusion-fullwidth fullwidth-box fusion-builder-row-7 fusion-flex-container nonhundred-percent-fullwidth non-hundred-percent-height-scrolling\" style=\"--awb-border-radius-top-left:0px;--awb-border-radius-top-right:0px;--awb-border-radius-bottom-right:0px;--awb-border-radius-bottom-left:0px;--awb-flex-wrap:wrap;\" ><div class=\"fusion-builder-row fusion-row fusion-flex-align-items-flex-start fusion-flex-content-wrap\" style=\"max-width:1144px;margin-left: calc(-4% \/ 2 );margin-right: calc(-4% \/ 2 );\"><div class=\"fusion-layout-column fusion_builder_column fusion-builder-column-18 fusion_builder_column_1_1 1_1 fusion-flex-column\" style=\"--awb-bg-blend:overlay;--awb-bg-size:cover;--awb-width-large:100%;--awb-margin-top-large:0px;--awb-spacing-right-large:1.92%;--awb-margin-bottom-large:0px;--awb-spacing-left-large:1.92%;--awb-width-medium:100%;--awb-spacing-right-medium:1.92%;--awb-spacing-left-medium:1.92%;--awb-width-small:100%;--awb-spacing-right-small:1.92%;--awb-spacing-left-small:1.92%;\"><div class=\"fusion-column-wrapper fusion-flex-justify-content-flex-start fusion-content-layout-column\"><div class=\"fusion-text fusion-text-13\"><\/div><\/div><\/div><\/div><\/div><\/p>","protected":false},"excerpt":{"rendered":"","protected":false},"author":5,"featured_media":0,"parent":0,"menu_order":0,"comment_status":"closed","ping_status":"open","template":"","meta":{"ngg_post_thumbnail":0,"footnotes":""},"class_list":["post-2559","page","type-page","status-publish","hentry"],"_links":{"self":[{"href":"https:\/\/www.ferral.fi\/sv\/wp-json\/wp\/v2\/pages\/2559","targetHints":{"allow":["GET"]}}],"collection":[{"href":"https:\/\/www.ferral.fi\/sv\/wp-json\/wp\/v2\/pages"}],"about":[{"href":"https:\/\/www.ferral.fi\/sv\/wp-json\/wp\/v2\/types\/page"}],"author":[{"embeddable":true,"href":"https:\/\/www.ferral.fi\/sv\/wp-json\/wp\/v2\/users\/5"}],"replies":[{"embeddable":true,"href":"https:\/\/www.ferral.fi\/sv\/wp-json\/wp\/v2\/comments?post=2559"}],"version-history":[{"count":0,"href":"https:\/\/www.ferral.fi\/sv\/wp-json\/wp\/v2\/pages\/2559\/revisions"}],"wp:attachment":[{"href":"https:\/\/www.ferral.fi\/sv\/wp-json\/wp\/v2\/media?parent=2559"}],"curies":[{"name":"wp","href":"https:\/\/api.w.org\/{rel}","templated":true}]}}