{"id":2549,"date":"2023-04-13T18:35:40","date_gmt":"2023-04-13T15:35:40","guid":{"rendered":"http:\/\/www.ferral.fi\/?page_id=2549"},"modified":"2024-10-11T15:28:40","modified_gmt":"2024-10-11T12:28:40","slug":"homepage","status":"publish","type":"page","link":"https:\/\/www.ferral.fi\/sv\/","title":{"rendered":"Startsida"},"content":{"rendered":"<input class=\"fooboxshare_post_id\" type=\"hidden\" value=\"2549\"\/><p><div class=\"fusion-fullwidth fullwidth-box fusion-builder-row-9 fusion-flex-container nonhundred-percent-fullwidth non-hundred-percent-height-scrolling\" style=\"--awb-border-radius-top-left:0px;--awb-border-radius-top-right:0px;--awb-border-radius-bottom-right:0px;--awb-border-radius-bottom-left:0px;--awb-flex-wrap:wrap;\" ><div class=\"fusion-builder-row fusion-row fusion-flex-align-items-flex-start fusion-flex-content-wrap\" style=\"max-width:1144px;margin-left: calc(-4% \/ 2 );margin-right: calc(-4% \/ 2 );\"><div class=\"fusion-layout-column fusion_builder_column fusion-builder-column-15 fusion_builder_column_1_1 1_1 fusion-flex-column\" style=\"--awb-bg-blend:overlay;--awb-bg-size:cover;--awb-width-large:100%;--awb-margin-top-large:0px;--awb-spacing-right-large:1.92%;--awb-margin-bottom-large:0px;--awb-spacing-left-large:1.92%;--awb-width-medium:100%;--awb-spacing-right-medium:1.92%;--awb-spacing-left-medium:1.92%;--awb-width-small:100%;--awb-spacing-right-small:1.92%;--awb-spacing-left-small:1.92%;\"><div class=\"fusion-column-wrapper fusion-flex-justify-content-flex-start fusion-content-layout-column\"><div class=\"fusion-text fusion-text-13\"><\/div><\/div><\/div><\/div><\/div><div class=\"fusion-fullwidth fullwidth-box fusion-builder-row-10 fusion-flex-container nonhundred-percent-fullwidth non-hundred-percent-height-scrolling\" style=\"--awb-border-radius-top-left:0px;--awb-border-radius-top-right:0px;--awb-border-radius-bottom-right:0px;--awb-border-radius-bottom-left:0px;--awb-flex-wrap:wrap;\" ><div class=\"fusion-builder-row fusion-row fusion-flex-align-items-flex-start fusion-flex-content-wrap\" style=\"max-width:1144px;margin-left: calc(-4% \/ 2 );margin-right: calc(-4% \/ 2 );\"><div class=\"fusion-layout-column fusion_builder_column fusion-builder-column-16 fusion_builder_column_1_1 1_1 fusion-flex-column\" style=\"--awb-bg-blend:overlay;--awb-bg-size:cover;--awb-width-large:100%;--awb-margin-top-large:0px;--awb-spacing-right-large:1.92%;--awb-margin-bottom-large:0px;--awb-spacing-left-large:1.92%;--awb-width-medium:100%;--awb-spacing-right-medium:1.92%;--awb-spacing-left-medium:1.92%;--awb-width-small:100%;--awb-spacing-right-small:1.92%;--awb-spacing-left-small:1.92%;\"><div class=\"fusion-column-wrapper fusion-flex-justify-content-flex-start fusion-content-layout-column\"><div class=\"fusion-title title fusion-title-3 fusion-title-text fusion-title-size-one\" style=\"--awb-margin-bottom:10px;--awb-margin-top-small:10px;--awb-margin-right-small:0px;--awb-margin-bottom-small:10px;--awb-margin-left-small:0px;\"><div class=\"title-sep-container title-sep-container-left fusion-no-large-visibility fusion-no-medium-visibility fusion-no-small-visibility\"><div class=\"title-sep sep-double sep-solid\" style=\"border-color:#e0dede;\"><\/div><\/div><span class=\"awb-title-spacer fusion-no-large-visibility fusion-no-medium-visibility fusion-no-small-visibility\"><\/span><h1 class=\"fusion-title-heading title-heading-left fusion-responsive-typography-calculated\" style=\"margin:0;--fontSize:34;line-height:1.4;\"><h1>Ferral Components &#8211; Din partner inom metallkomponenter och kontraktstillverkning.<\/h1><\/h1><span class=\"awb-title-spacer\"><\/span><div class=\"title-sep-container title-sep-container-right\"><div class=\"title-sep sep-double sep-solid\" style=\"border-color:#e0dede;\"><\/div><\/div><\/div><div class=\"fusion-text fusion-text-14\"><h2>Vi v\u00e4rdes\u00e4tter ditt f\u00f6retag. Ferral Components vill vara den ledande leverant\u00f6ren av metallkomponenter och kontraktstillverkare i Norden. Vi arbetar p\u00e5litligt och ansvarsfullt enligt certifierade ledningssystem som uppfyller kraven p\u00e5 internationellt erk\u00e4nda kvalitets-, milj\u00f6- och arbetsmilj\u00f6krav.<\/h2>\n<\/div><\/div><\/div><div class=\"fusion-layout-column fusion_builder_column fusion-builder-column-17 fusion_builder_column_1_3 1_3 fusion-flex-column\" style=\"--awb-bg-blend:overlay;--awb-bg-size:cover;--awb-width-large:33.333333333333%;--awb-margin-top-large:0px;--awb-spacing-right-large:5.76%;--awb-margin-bottom-large:0px;--awb-spacing-left-large:5.76%;--awb-width-medium:100%;--awb-spacing-right-medium:1.92%;--awb-spacing-left-medium:1.92%;--awb-width-small:100%;--awb-spacing-right-small:1.92%;--awb-spacing-left-small:1.92%;\"><div class=\"fusion-column-wrapper fusion-flex-justify-content-flex-start fusion-content-layout-column\"><div class=\"fusion-image-element \" style=\"--awb-caption-title-font-family:var(--h2_typography-font-family);--awb-caption-title-font-weight:var(--h2_typography-font-weight);--awb-caption-title-font-style:var(--h2_typography-font-style);--awb-caption-title-size:var(--h2_typography-font-size);--awb-caption-title-transform:var(--h2_typography-text-transform);--awb-caption-title-line-height:var(--h2_typography-line-height);--awb-caption-title-letter-spacing:var(--h2_typography-letter-spacing);\"><span class=\" fusion-imageframe imageframe-none imageframe-7 hover-type-none\" style=\"border-radius:5px;\"><img decoding=\"async\" width=\"670\" height=\"400\" title=\"etusivu1\" src=\"http:\/\/www.ferral.fi\/wp-content\/uploads\/2013\/05\/etusivu1.jpg\" alt class=\"img-responsive wp-image-1582\" srcset=\"https:\/\/www.ferral.fi\/wp-content\/uploads\/2013\/05\/etusivu1-160x96.jpg 160w, https:\/\/www.ferral.fi\/wp-content\/uploads\/2013\/05\/etusivu1-300x179.jpg 300w, https:\/\/www.ferral.fi\/wp-content\/uploads\/2013\/05\/etusivu1.jpg 670w\" sizes=\"(max-width: 670px) 100vw, 670px\" \/><\/span><\/div><div class=\"fusion-separator fusion-full-width-sep\" style=\"align-self: center;margin-left: auto;margin-right: auto;margin-top:10px;margin-bottom:10px;width:100%;\"><\/div><div class=\"fusion-text fusion-text-15\"><p>Ferral Components erbjuder ett brett urval av metallkomponenter av h\u00f6g standard samt tillverkningstj\u00e4nster till olika industrisektorer, t.ex. maskin-, varvs-, olje- och gas-, kemikalie-, pappers- och massaindustrin.<\/p>\n<\/div><\/div><\/div><div class=\"fusion-layout-column fusion_builder_column fusion-builder-column-18 fusion_builder_column_1_3 1_3 fusion-flex-column\" style=\"--awb-bg-blend:overlay;--awb-bg-size:cover;--awb-width-large:33.333333333333%;--awb-margin-top-large:0px;--awb-spacing-right-large:5.76%;--awb-margin-bottom-large:0px;--awb-spacing-left-large:5.76%;--awb-width-medium:100%;--awb-spacing-right-medium:1.92%;--awb-spacing-left-medium:1.92%;--awb-width-small:100%;--awb-spacing-right-small:1.92%;--awb-spacing-left-small:1.92%;\"><div class=\"fusion-column-wrapper fusion-flex-justify-content-flex-start fusion-content-layout-column\"><div class=\"fusion-image-element \" style=\"--awb-caption-title-font-family:var(--h2_typography-font-family);--awb-caption-title-font-weight:var(--h2_typography-font-weight);--awb-caption-title-font-style:var(--h2_typography-font-style);--awb-caption-title-size:var(--h2_typography-font-size);--awb-caption-title-transform:var(--h2_typography-text-transform);--awb-caption-title-line-height:var(--h2_typography-line-height);--awb-caption-title-letter-spacing:var(--h2_typography-letter-spacing);\"><span class=\" fusion-imageframe imageframe-none imageframe-8 hover-type-none\" style=\"border-radius:5px;\"><img decoding=\"async\" width=\"670\" height=\"400\" title=\"sivukuva1\" src=\"http:\/\/www.ferral.fi\/wp-content\/uploads\/2013\/05\/sivukuva1.jpg\" alt class=\"img-responsive wp-image-1584\" srcset=\"https:\/\/www.ferral.fi\/wp-content\/uploads\/2013\/05\/sivukuva1-160x96.jpg 160w, https:\/\/www.ferral.fi\/wp-content\/uploads\/2013\/05\/sivukuva1-300x179.jpg 300w, https:\/\/www.ferral.fi\/wp-content\/uploads\/2013\/05\/sivukuva1.jpg 670w\" sizes=\"(max-width: 670px) 100vw, 670px\" \/><\/span><\/div><div class=\"fusion-separator fusion-full-width-sep\" style=\"align-self: center;margin-left: auto;margin-right: auto;margin-top:10px;margin-bottom:10px;width:100%;\"><\/div><div class=\"fusion-text fusion-text-16\"><p>Vi har ocks\u00e5 \u00e5tagit oss att fr\u00e4mja och till\u00e4mpa s\u00e4kra arbetsmetoder och rutiner i all verksamhet f\u00f6r att minska och f\u00f6rebygga arbetsrelaterade risker och olyckor. All v\u00e5r verksamhet f\u00f6ljer relevanta lagar och f\u00f6rordningar.<\/p>\n<\/div><\/div><\/div><div class=\"fusion-layout-column fusion_builder_column fusion-builder-column-19 fusion_builder_column_1_3 1_3 fusion-flex-column\" style=\"--awb-bg-blend:overlay;--awb-bg-size:cover;--awb-width-large:33.333333333333%;--awb-margin-top-large:0px;--awb-spacing-right-large:5.76%;--awb-margin-bottom-large:0px;--awb-spacing-left-large:5.76%;--awb-width-medium:100%;--awb-spacing-right-medium:1.92%;--awb-spacing-left-medium:1.92%;--awb-width-small:100%;--awb-spacing-right-small:1.92%;--awb-spacing-left-small:1.92%;\"><div class=\"fusion-column-wrapper fusion-flex-justify-content-flex-start fusion-content-layout-column\"><div class=\"fusion-image-element \" style=\"--awb-caption-title-font-family:var(--h2_typography-font-family);--awb-caption-title-font-weight:var(--h2_typography-font-weight);--awb-caption-title-font-style:var(--h2_typography-font-style);--awb-caption-title-size:var(--h2_typography-font-size);--awb-caption-title-transform:var(--h2_typography-text-transform);--awb-caption-title-line-height:var(--h2_typography-line-height);--awb-caption-title-letter-spacing:var(--h2_typography-letter-spacing);\"><span class=\" fusion-imageframe imageframe-none imageframe-9 hover-type-none\" style=\"border-radius:5px;\"><img decoding=\"async\" width=\"670\" height=\"400\" title=\"etusivu3\" src=\"http:\/\/www.ferral.fi\/wp-content\/uploads\/2013\/05\/etusivu3.jpg\" alt class=\"img-responsive wp-image-1583\" srcset=\"https:\/\/www.ferral.fi\/wp-content\/uploads\/2013\/05\/etusivu3-160x96.jpg 160w, https:\/\/www.ferral.fi\/wp-content\/uploads\/2013\/05\/etusivu3-300x179.jpg 300w, https:\/\/www.ferral.fi\/wp-content\/uploads\/2013\/05\/etusivu3.jpg 670w\" sizes=\"(max-width: 670px) 100vw, 670px\" \/><\/span><\/div><div class=\"fusion-separator fusion-full-width-sep\" style=\"align-self: center;margin-left: auto;margin-right: auto;margin-top:10px;margin-bottom:10px;width:100%;\"><\/div><div class=\"fusion-text fusion-text-17\"><p>Ferral Components grundades ursprungligen 1957. Idag \u00e4r vi en del av den svenska industrikoncernen Nordic Flanges Group tillsammans med systerbolag i Kronoby och \u00d6rnsk\u00f6ldsvik.<\/p>\n<\/div><\/div><\/div><div class=\"fusion-layout-column fusion_builder_column fusion-builder-column-20 fusion_builder_column_1_1 1_1 fusion-flex-column\" style=\"--awb-bg-blend:overlay;--awb-bg-size:cover;--awb-width-large:100%;--awb-margin-top-large:0px;--awb-spacing-right-large:1.92%;--awb-margin-bottom-large:20px;--awb-spacing-left-large:1.92%;--awb-width-medium:100%;--awb-spacing-right-medium:1.92%;--awb-spacing-left-medium:1.92%;--awb-width-small:100%;--awb-spacing-right-small:1.92%;--awb-spacing-left-small:1.92%;\"><div class=\"fusion-column-wrapper fusion-flex-justify-content-flex-start fusion-content-layout-column\"><div class=\"fusion-flip-boxes flip-boxes row fusion-columns-3 flip-effect-classic equal-heights\"><div class=\"fusion-flip-box-wrapper fusion-column col-lg-4 col-md-4 col-sm-4\"><div class=\"fusion-flip-box flip-right\" tabindex=\"0\"><div class=\"flip-box-inner-wrapper\"><div class=\"flip-box-front\" style=\"--awb-icon-color:#ffffff;--awb-background-color-front:#e5e5e5;\"><div class=\"flip-box-front-inner\"><div class=\"flip-box-grafix flip-box-circle\"><i aria-hidden=\"true\" class=\"fa-stack-overflow fab\"><\/i><\/div><h2 class=\"flip-box-heading without-text\">AVANCERADE MATERIAL.<\/h2><\/div><\/div><div class=\"flip-box-back\" style=\"--awb-icon-color:#ffffff;--awb-background-color-back:#004c7d;\"><div class=\"flip-box-back-inner\"><h3 class=\"flip-box-heading-back\">AVANCERADE MATERIAL.<\/h3>\n<p>Vi \u00e4r en certifierad tillverkare av ett stort antal produkter i olika materialkvaliteter. Vi f\u00f6rst\u00e5r de specifika behoven i kundens till\u00e4mpning.<\/p>\n<\/div><\/div><\/div><\/div><\/div><div class=\"fusion-flip-box-wrapper fusion-column col-lg-4 col-md-4 col-sm-4\"><div class=\"fusion-flip-box flip-right\" tabindex=\"0\"><div class=\"flip-box-inner-wrapper\"><div class=\"flip-box-front\" style=\"--awb-icon-color:#ffffff;--awb-background-color-front:#e5e5e5;\"><div class=\"flip-box-front-inner\"><div class=\"flip-box-grafix flip-box-circle\"><i aria-hidden=\"true\" class=\"fa-cogs fas\"><\/i><\/div><h2 class=\"flip-box-heading without-text\">STARKT FOKUS P\u00c5 TEKNIK<\/h2><\/div><\/div><div class=\"flip-box-back\" style=\"--awb-icon-color:#ffffff;--awb-background-color-back:#004c7d;\"><div class=\"flip-box-back-inner\"><h3 class=\"flip-box-heading-back\">STARKT FOKUS P\u00c5 TEKNIK<\/h3>\n<p>Vi arbetar i n\u00e4ra samarbete med v\u00e5ra kunder, deltar i konstruktionsarbete och tillhandah\u00e5ller koncept- och prototyptj\u00e4nster.<\/p>\n<\/div><\/div><\/div><\/div><\/div><div class=\"fusion-flip-box-wrapper fusion-column col-lg-4 col-md-4 col-sm-4\"><div class=\"fusion-flip-box flip-right\" tabindex=\"0\"><div class=\"flip-box-inner-wrapper\"><div class=\"flip-box-front\" style=\"--awb-icon-color:#ffffff;--awb-background-color-front:#e5e5e5;\"><div class=\"flip-box-front-inner\"><div class=\"flip-box-grafix flip-box-circle\"><i aria-hidden=\"true\" class=\"fa-industry fas\"><\/i><\/div><h2 class=\"flip-box-heading without-text\">EFFEKTIV TILLVERKNING<\/h2><\/div><\/div><div class=\"flip-box-back\" style=\"--awb-icon-color:#ffffff;--awb-background-color-back:#004c7d;\"><div class=\"flip-box-back-inner\"><h3 class=\"flip-box-heading-back\">EFFEKTIV TILLVERKNING<\/h3>\n<p>Vi har en modern maskinpark och utbildar v\u00e5r personal i de senaste produktionsmetoderna.<\/p>\n<\/div><\/div><\/div><\/div><\/div><\/div><div class=\"fusion-flip-boxes flip-boxes row fusion-columns-3 flip-effect-classic equal-heights\"><div class=\"fusion-flip-box-wrapper fusion-column col-lg-4 col-md-4 col-sm-4\"><div class=\"fusion-flip-box flip-right\" tabindex=\"0\"><div class=\"flip-box-inner-wrapper\"><div class=\"flip-box-front\" style=\"--awb-icon-color:#ffffff;--awb-background-color-front:#e5e5e5;\"><div class=\"flip-box-front-inner\"><div class=\"flip-box-grafix flip-box-circle\"><i aria-hidden=\"true\" class=\"fa-signal fas\"><\/i><\/div><h2 class=\"flip-box-heading without-text\">H\u00d6GKVALITATIV PRODUKTION<\/h2><\/div><\/div><div class=\"flip-box-back\" style=\"--awb-icon-color:#ffffff;--awb-background-color-back:#004c7d;\"><div class=\"flip-box-back-inner\"><h3 class=\"flip-box-heading-back\">H\u00d6GKVALITATIV PRODUKTION<\/h3>\n<p>Vi arbetar p\u00e5 ett tillf\u00f6rlitligt och ansvarsfullt s\u00e4tt enligt ett certifierat ledningssystem som uppfyller kraven i internationellt erk\u00e4nda standarder f\u00f6r kvalitet, milj\u00f6 och svetsning. Vi har ocks\u00e5 ett certifierat system f\u00f6r arbetsmilj\u00f6 och s\u00e4kerhet.<\/p>\n<\/div><\/div><\/div><\/div><\/div><div class=\"fusion-flip-box-wrapper fusion-column col-lg-4 col-md-4 col-sm-4\"><div class=\"fusion-flip-box flip-right\" tabindex=\"0\"><div class=\"flip-box-inner-wrapper\"><div class=\"flip-box-front\" style=\"--awb-icon-color:#ffffff;--awb-background-color-front:#e5e5e5;\"><div class=\"flip-box-front-inner\"><div class=\"flip-box-grafix flip-box-circle\"><i aria-hidden=\"true\" class=\"fa-money-bill-alt far\"><\/i><\/div><h2 class=\"flip-box-heading without-text\">KOSTNADSEFFEKTIV PRODUKTION AV PRODUKTER OCH TJ\u00c4NSTER.<\/h2><\/div><\/div><div class=\"flip-box-back\" style=\"--awb-icon-color:#ffffff;--awb-background-color-back:#004c7d;\"><div class=\"flip-box-back-inner\"><h3 class=\"flip-box-heading-back\">KOSTNADSEFFEKTIV PRODUKTION AV PRODUKTER OCH TJ\u00c4NSTER.<\/h3>\n<p>Vi har kompetens och erfarenhet av produktion, lagerh\u00e5llning och logistik som ger optimala och kostnadseffektiva l\u00f6sningar.<\/p>\n<\/div><\/div><\/div><\/div><\/div><div class=\"fusion-flip-box-wrapper fusion-column col-lg-4 col-md-4 col-sm-4\"><div class=\"fusion-flip-box flip-right\" tabindex=\"0\"><div class=\"flip-box-inner-wrapper\"><div class=\"flip-box-front\" style=\"--awb-icon-color:#ffffff;--awb-background-color-front:#e5e5e5;\"><div class=\"flip-box-front-inner\"><div class=\"flip-box-grafix flip-box-circle\"><i aria-hidden=\"true\" class=\"fa-bolt fas\"><\/i><\/div><h2 class=\"flip-box-heading without-text\">SNABBA LEVERANSER<\/h2><\/div><\/div><div class=\"flip-box-back\" style=\"--awb-icon-color:#ffffff;--awb-background-color-back:#004c7d;\"><div class=\"flip-box-back-inner\"><h3 class=\"flip-box-heading-back\">SNABBA LEVERANSER<\/h3>\n<p>Vi tillhandah\u00e5ller omedelbara leveranser av n\u00f6dv\u00e4ndiga komponenter fr\u00e5n v\u00e5rt lager.<\/p>\n<\/div><\/div><\/div><\/div><\/div><\/div><\/div><\/div><\/div><\/div><div class=\"fusion-fullwidth fullwidth-box fusion-builder-row-11 fusion-flex-container nonhundred-percent-fullwidth non-hundred-percent-height-scrolling\" style=\"--awb-border-radius-top-left:0px;--awb-border-radius-top-right:0px;--awb-border-radius-bottom-right:0px;--awb-border-radius-bottom-left:0px;--awb-flex-wrap:wrap;\" ><div class=\"fusion-builder-row fusion-row fusion-flex-align-items-flex-start fusion-flex-content-wrap\" style=\"max-width:1144px;margin-left: calc(-4% \/ 2 );margin-right: calc(-4% \/ 2 );\"><div class=\"fusion-layout-column fusion_builder_column fusion-builder-column-21 fusion_builder_column_1_1 1_1 fusion-flex-column\" style=\"--awb-bg-blend:overlay;--awb-bg-size:cover;--awb-width-large:100%;--awb-margin-top-large:0px;--awb-spacing-right-large:1.92%;--awb-margin-bottom-large:0px;--awb-spacing-left-large:1.92%;--awb-width-medium:100%;--awb-spacing-right-medium:1.92%;--awb-spacing-left-medium:1.92%;--awb-width-small:100%;--awb-spacing-right-small:1.92%;--awb-spacing-left-small:1.92%;\"><div class=\"fusion-column-wrapper fusion-flex-justify-content-flex-start fusion-content-layout-column\"><div class=\"fusion-text fusion-text-18\"><\/div><\/div><\/div><\/div><\/div><\/p>","protected":false},"excerpt":{"rendered":"","protected":false},"author":5,"featured_media":0,"parent":0,"menu_order":0,"comment_status":"closed","ping_status":"closed","template":"","meta":{"ngg_post_thumbnail":0,"footnotes":""},"class_list":["post-2549","page","type-page","status-publish","hentry"],"_links":{"self":[{"href":"https:\/\/www.ferral.fi\/sv\/wp-json\/wp\/v2\/pages\/2549","targetHints":{"allow":["GET"]}}],"collection":[{"href":"https:\/\/www.ferral.fi\/sv\/wp-json\/wp\/v2\/pages"}],"about":[{"href":"https:\/\/www.ferral.fi\/sv\/wp-json\/wp\/v2\/types\/page"}],"author":[{"embeddable":true,"href":"https:\/\/www.ferral.fi\/sv\/wp-json\/wp\/v2\/users\/5"}],"replies":[{"embeddable":true,"href":"https:\/\/www.ferral.fi\/sv\/wp-json\/wp\/v2\/comments?post=2549"}],"version-history":[{"count":0,"href":"https:\/\/www.ferral.fi\/sv\/wp-json\/wp\/v2\/pages\/2549\/revisions"}],"wp:attachment":[{"href":"https:\/\/www.ferral.fi\/sv\/wp-json\/wp\/v2\/media?parent=2549"}],"curies":[{"name":"wp","href":"https:\/\/api.w.org\/{rel}","templated":true}]}}