{"id":2196,"date":"2021-12-15T16:25:00","date_gmt":"2021-12-15T14:25:00","guid":{"rendered":"http:\/\/www.ferral.fi\/?page_id=2196"},"modified":"2024-09-03T20:54:02","modified_gmt":"2024-09-03T17:54:02","slug":"etusivu-2","status":"publish","type":"page","link":"https:\/\/www.ferral.fi\/sv\/etusivu-2\/","title":{"rendered":"Startsida ny"},"content":{"rendered":"<input class=\"fooboxshare_post_id\" type=\"hidden\" value=\"2196\"\/><p><div class=\"fusion-fullwidth fullwidth-box fusion-builder-row-3 fusion-flex-container nonhundred-percent-fullwidth non-hundred-percent-height-scrolling\" style=\"--awb-border-radius-top-left:0px;--awb-border-radius-top-right:0px;--awb-border-radius-bottom-right:0px;--awb-border-radius-bottom-left:0px;--awb-flex-wrap:wrap;\" ><div class=\"fusion-builder-row fusion-row fusion-flex-align-items-flex-start fusion-flex-content-wrap\" style=\"max-width:1144px;margin-left: calc(-4% \/ 2 );margin-right: calc(-4% \/ 2 );\"><div class=\"fusion-layout-column fusion_builder_column fusion-builder-column-10 fusion_builder_column_1_1 1_1 fusion-flex-column\" style=\"--awb-bg-size:cover;--awb-width-large:100%;--awb-margin-top-large:0px;--awb-spacing-right-large:1.92%;--awb-margin-bottom-large:0px;--awb-spacing-left-large:1.92%;--awb-width-medium:100%;--awb-spacing-right-medium:1.92%;--awb-spacing-left-medium:1.92%;--awb-width-small:100%;--awb-spacing-right-small:1.92%;--awb-spacing-left-small:1.92%;\"><div class=\"fusion-column-wrapper fusion-flex-justify-content-flex-start fusion-content-layout-column\"><div class=\"fusion-title title fusion-title-3 fusion-title-text fusion-title-size-one\" style=\"--awb-margin-bottom:10px;--awb-margin-top-small:10px;--awb-margin-right-small:0px;--awb-margin-bottom-small:10px;--awb-margin-left-small:0px;\"><div class=\"title-sep-container title-sep-container-left fusion-no-large-visibility fusion-no-medium-visibility fusion-no-small-visibility\"><div class=\"title-sep sep-double sep-solid\" style=\"border-color:#e0dede;\"><\/div><\/div><span class=\"awb-title-spacer fusion-no-large-visibility fusion-no-medium-visibility fusion-no-small-visibility\"><\/span><h1 class=\"fusion-title-heading title-heading-left fusion-responsive-typography-calculated\" style=\"margin:0;--fontSize:34;line-height:1.4;\"><h1>Ferral Components \u2013 Din samarbetspartner inom metallkomponenter och kontraktstillverkning<\/h1><\/h1><span class=\"awb-title-spacer\"><\/span><div class=\"title-sep-container title-sep-container-right\"><div class=\"title-sep sep-double sep-solid\" style=\"border-color:#e0dede;\"><\/div><\/div><\/div><div class=\"fusion-text fusion-text-9\"><h2>Vi v\u00e4rdes\u00e4tter din verksamhet. Ferral Components vill vara en ledande leverant\u00f6r av metallkomponenter och kontraktstillverkning i Norden. Vi \u00e4r en p\u00e5litlig och ansvarsfull akt\u00f6r. V\u00e5r verksamhet f\u00f6ljer ett certifierat ledningssystem som \u00f6verensst\u00e4mmer med internationellt erk\u00e4nda kvalitets- och milj\u00f6standarder samt kvalitetsstandarder f\u00f6r svetsning.<\/h2>\n<\/div><\/div><\/div><div class=\"fusion-layout-column fusion_builder_column fusion-builder-column-11 fusion_builder_column_1_3 1_3 fusion-flex-column\" style=\"--awb-bg-size:cover;--awb-width-large:33.333333333333%;--awb-margin-top-large:0px;--awb-spacing-right-large:5.76%;--awb-margin-bottom-large:0px;--awb-spacing-left-large:5.76%;--awb-width-medium:100%;--awb-spacing-right-medium:1.92%;--awb-spacing-left-medium:1.92%;--awb-width-small:100%;--awb-spacing-right-small:1.92%;--awb-spacing-left-small:1.92%;\"><div class=\"fusion-column-wrapper fusion-flex-justify-content-flex-start fusion-content-layout-column\"><div class=\"fusion-image-element \" style=\"--awb-caption-title-font-family:var(--h2_typography-font-family);--awb-caption-title-font-weight:var(--h2_typography-font-weight);--awb-caption-title-font-style:var(--h2_typography-font-style);--awb-caption-title-size:var(--h2_typography-font-size);--awb-caption-title-transform:var(--h2_typography-text-transform);--awb-caption-title-line-height:var(--h2_typography-line-height);--awb-caption-title-letter-spacing:var(--h2_typography-letter-spacing);\"><span class=\" fusion-imageframe imageframe-none imageframe-7 hover-type-none\" style=\"border-radius:5px;\"><img decoding=\"async\" width=\"670\" height=\"400\" title=\"etusivu1\" src=\"http:\/\/www.ferral.fi\/wp-content\/uploads\/2013\/05\/etusivu1.jpg\" alt class=\"img-responsive wp-image-1582\" srcset=\"https:\/\/www.ferral.fi\/wp-content\/uploads\/2013\/05\/etusivu1-160x96.jpg 160w, https:\/\/www.ferral.fi\/wp-content\/uploads\/2013\/05\/etusivu1-300x179.jpg 300w, https:\/\/www.ferral.fi\/wp-content\/uploads\/2013\/05\/etusivu1.jpg 670w\" sizes=\"(max-width: 670px) 100vw, 670px\" \/><\/span><\/div><div class=\"fusion-separator fusion-full-width-sep\" style=\"align-self: center;margin-left: auto;margin-right: auto;margin-top:10px;margin-bottom:10px;width:100%;\"><\/div><div class=\"fusion-text fusion-text-10\"><p>Ferral Components erbjuder ett brett sortiment av h\u00f6gklassiga metallkomponenter samt kontraktstillverkning till olika industrisektorer, s\u00e5som verkstads-, varvs-, olja och gas-, kemi- samt pappers- och cellulosaindustrin.<\/p>\n<\/div><\/div><\/div><div class=\"fusion-layout-column fusion_builder_column fusion-builder-column-12 fusion_builder_column_1_3 1_3 fusion-flex-column\" style=\"--awb-bg-size:cover;--awb-width-large:33.333333333333%;--awb-margin-top-large:0px;--awb-spacing-right-large:5.76%;--awb-margin-bottom-large:0px;--awb-spacing-left-large:5.76%;--awb-width-medium:100%;--awb-spacing-right-medium:1.92%;--awb-spacing-left-medium:1.92%;--awb-width-small:100%;--awb-spacing-right-small:1.92%;--awb-spacing-left-small:1.92%;\"><div class=\"fusion-column-wrapper fusion-flex-justify-content-flex-start fusion-content-layout-column\"><div class=\"fusion-image-element \" style=\"--awb-caption-title-font-family:var(--h2_typography-font-family);--awb-caption-title-font-weight:var(--h2_typography-font-weight);--awb-caption-title-font-style:var(--h2_typography-font-style);--awb-caption-title-size:var(--h2_typography-font-size);--awb-caption-title-transform:var(--h2_typography-text-transform);--awb-caption-title-line-height:var(--h2_typography-line-height);--awb-caption-title-letter-spacing:var(--h2_typography-letter-spacing);\"><span class=\" fusion-imageframe imageframe-none imageframe-8 hover-type-none\" style=\"border-radius:5px;\"><img decoding=\"async\" width=\"670\" height=\"400\" title=\"sivukuva1\" src=\"http:\/\/www.ferral.fi\/wp-content\/uploads\/2013\/05\/sivukuva1.jpg\" alt class=\"img-responsive wp-image-1584\" srcset=\"https:\/\/www.ferral.fi\/wp-content\/uploads\/2013\/05\/sivukuva1-160x96.jpg 160w, https:\/\/www.ferral.fi\/wp-content\/uploads\/2013\/05\/sivukuva1-300x179.jpg 300w, https:\/\/www.ferral.fi\/wp-content\/uploads\/2013\/05\/sivukuva1.jpg 670w\" sizes=\"(max-width: 670px) 100vw, 670px\" \/><\/span><\/div><div class=\"fusion-separator fusion-full-width-sep\" style=\"align-self: center;margin-left: auto;margin-right: auto;margin-top:10px;margin-bottom:10px;width:100%;\"><\/div><div class=\"fusion-text fusion-text-11\"><p>Vi har ocks\u00e5 \u00e5tagit oss att fr\u00e4mja och till\u00e4mpa s\u00e4kra arbetsmetoder och f\u00f6rfaranden i all verksamhet f\u00f6r att minska och f\u00f6rebygga arbetsrelaterade risker och olycksfall i arbetet. Vi f\u00f6ljer alla relevanta lagar och f\u00f6rordningar i v\u00e5r verksamhet.<\/p>\n<\/div><\/div><\/div><div class=\"fusion-layout-column fusion_builder_column fusion-builder-column-13 fusion_builder_column_1_3 1_3 fusion-flex-column\" style=\"--awb-bg-size:cover;--awb-width-large:33.333333333333%;--awb-margin-top-large:0px;--awb-spacing-right-large:5.76%;--awb-margin-bottom-large:0px;--awb-spacing-left-large:5.76%;--awb-width-medium:100%;--awb-spacing-right-medium:1.92%;--awb-spacing-left-medium:1.92%;--awb-width-small:100%;--awb-spacing-right-small:1.92%;--awb-spacing-left-small:1.92%;\"><div class=\"fusion-column-wrapper fusion-flex-justify-content-flex-start fusion-content-layout-column\"><div class=\"fusion-image-element \" style=\"--awb-caption-title-font-family:var(--h2_typography-font-family);--awb-caption-title-font-weight:var(--h2_typography-font-weight);--awb-caption-title-font-style:var(--h2_typography-font-style);--awb-caption-title-size:var(--h2_typography-font-size);--awb-caption-title-transform:var(--h2_typography-text-transform);--awb-caption-title-line-height:var(--h2_typography-line-height);--awb-caption-title-letter-spacing:var(--h2_typography-letter-spacing);\"><span class=\" fusion-imageframe imageframe-none imageframe-9 hover-type-none\" style=\"border-radius:5px;\"><img decoding=\"async\" width=\"670\" height=\"400\" title=\"etusivu3\" src=\"http:\/\/www.ferral.fi\/wp-content\/uploads\/2013\/05\/etusivu3.jpg\" alt class=\"img-responsive wp-image-1583\" srcset=\"https:\/\/www.ferral.fi\/wp-content\/uploads\/2013\/05\/etusivu3-160x96.jpg 160w, https:\/\/www.ferral.fi\/wp-content\/uploads\/2013\/05\/etusivu3-300x179.jpg 300w, https:\/\/www.ferral.fi\/wp-content\/uploads\/2013\/05\/etusivu3.jpg 670w\" sizes=\"(max-width: 670px) 100vw, 670px\" \/><\/span><\/div><div class=\"fusion-separator fusion-full-width-sep\" style=\"align-self: center;margin-left: auto;margin-right: auto;margin-top:10px;margin-bottom:10px;width:100%;\"><\/div><div class=\"fusion-text fusion-text-12\"><p>Ferral Components grundades ursprungligen 1957. I dag ing\u00e5r vi i den svenska industrigruppen Nordic Flanges Group som ut\u00f6ver oss har dotterbolag i Kronoby och \u00d6rnsk\u00f6ldsvik.<\/p>\n<\/div><\/div><\/div><div class=\"fusion-layout-column fusion_builder_column fusion-builder-column-14 fusion_builder_column_1_1 1_1 fusion-flex-column\" style=\"--awb-bg-size:cover;--awb-width-large:100%;--awb-margin-top-large:0px;--awb-spacing-right-large:1.92%;--awb-margin-bottom-large:20px;--awb-spacing-left-large:1.92%;--awb-width-medium:100%;--awb-spacing-right-medium:1.92%;--awb-spacing-left-medium:1.92%;--awb-width-small:100%;--awb-spacing-right-small:1.92%;--awb-spacing-left-small:1.92%;\"><div class=\"fusion-column-wrapper fusion-flex-justify-content-flex-start fusion-content-layout-column\"><div class=\"fusion-flip-boxes flip-boxes row fusion-columns-3 flip-effect-classic\"><div class=\"fusion-flip-box-wrapper fusion-column col-lg-4 col-md-4 col-sm-4\"><div class=\"fusion-flip-box flip-right\" tabindex=\"0\"><div class=\"flip-box-inner-wrapper\"><div class=\"flip-box-front\" style=\"--awb-icon-color:#ffffff;--awb-background-color-front:#e5e5e5;\"><div class=\"flip-box-front-inner\"><div class=\"flip-box-grafix flip-box-circle\"><i aria-hidden=\"true\" class=\" fa fa-stack-overflow\"><\/i><\/div><h2 class=\"flip-box-heading without-text\">AVANCERADE MATERIAL<\/h2><\/div><\/div><div class=\"flip-box-back\" style=\"--awb-icon-color:#ffffff;--awb-background-color-back:#004c7d;\"><div class=\"flip-box-back-inner\"><h3 class=\"flip-box-heading-back\">AVANCERADE MATERIAL<\/h3>\n<p>Vi \u00e4r en certifierad tillverkare av ett brett urval av material. Vi vet hur dessa material ska till\u00e4mpas f\u00f6r att m\u00f6ta kundernas specifika behov.<\/p>\n<\/div><\/div><\/div><\/div><\/div><div class=\"fusion-flip-box-wrapper fusion-column col-lg-4 col-md-4 col-sm-4\"><div class=\"fusion-flip-box flip-right\" tabindex=\"0\"><div class=\"flip-box-inner-wrapper\"><div class=\"flip-box-front\" style=\"--awb-icon-color:#ffffff;--awb-background-color-front:#e5e5e5;\"><div class=\"flip-box-front-inner\"><div class=\"flip-box-grafix flip-box-circle\"><i aria-hidden=\"true\" class=\" fa fa-cogs\"><\/i><\/div><h2 class=\"flip-box-heading without-text\">STARK FOKUS P\u00c5 TEKNIK<\/h2><\/div><\/div><div class=\"flip-box-back\" style=\"--awb-icon-color:#ffffff;--awb-background-color-back:#004c7d;\"><div class=\"flip-box-back-inner\"><h3 class=\"flip-box-heading-back\">STARK FOKUS P\u00c5 TEKNIK<\/h3>\n<p>Vi samarbetar t\u00e4tt med v\u00e5ra kunder, deltar i tekniska arbeten och erbjuder tj\u00e4nster inom konceptutveckling och prototypning.<\/p>\n<\/div><\/div><\/div><\/div><\/div><div class=\"fusion-flip-box-wrapper fusion-column col-lg-4 col-md-4 col-sm-4\"><div class=\"fusion-flip-box flip-right\" tabindex=\"0\"><div class=\"flip-box-inner-wrapper\"><div class=\"flip-box-front\" style=\"--awb-icon-color:#ffffff;--awb-background-color-front:#e5e5e5;\"><div class=\"flip-box-front-inner\"><div class=\"flip-box-grafix flip-box-circle\"><i aria-hidden=\"true\" class=\" fa fa-industry\"><\/i><\/div><h2 class=\"flip-box-heading without-text\">EFFEKTIV PRODUKTION<\/h2><\/div><\/div><div class=\"flip-box-back\" style=\"--awb-icon-color:#ffffff;--awb-background-color-back:#004c7d;\"><div class=\"flip-box-back-inner\"><h3 class=\"flip-box-heading-back\">EFFEKTIV PRODUKTION<\/h3>\n<p>Vi har en modern maskinpark och v\u00e5ra medarbetare \u00e4r utbildade inom de nyaste produktionsmetoderna.<\/p>\n<\/div><\/div><\/div><\/div><\/div><\/div><div class=\"fusion-flip-boxes flip-boxes row fusion-columns-3 flip-effect-classic\"><div class=\"fusion-flip-box-wrapper fusion-column col-lg-4 col-md-4 col-sm-4\"><div class=\"fusion-flip-box flip-right\" tabindex=\"0\"><div class=\"flip-box-inner-wrapper\"><div class=\"flip-box-front\" style=\"--awb-icon-color:#ffffff;--awb-background-color-front:#e5e5e5;\"><div class=\"flip-box-front-inner\"><div class=\"flip-box-grafix flip-box-circle\"><i aria-hidden=\"true\" class=\" fa fa-signal\"><\/i><\/div><h2 class=\"flip-box-heading without-text\">H\u00d6GKLASSIGA RESULTAT<\/h2><\/div><\/div><div class=\"flip-box-back\" style=\"--awb-icon-color:#ffffff;--awb-background-color-back:#004c7d;\"><div class=\"flip-box-back-inner\"><h3 class=\"flip-box-heading-back\">H\u00d6GKLASSIGA RESULTAT<\/h3>\n<p>Vi \u00e4r en p\u00e5litlig och ansvarsfull akt\u00f6r. V\u00e5r verksamhet f\u00f6ljer ett certifierat ledningssystem som \u00f6verensst\u00e4mmer med internationellt erk\u00e4nda kvalitets- och milj\u00f6standarder samt&nbsp;kvalitetsstandarder f\u00f6r svetsning.<\/p>\n<\/div><\/div><\/div><\/div><\/div><div class=\"fusion-flip-box-wrapper fusion-column col-lg-4 col-md-4 col-sm-4\"><div class=\"fusion-flip-box flip-right\" tabindex=\"0\"><div class=\"flip-box-inner-wrapper\"><div class=\"flip-box-front\" style=\"--awb-icon-color:#ffffff;--awb-background-color-front:#e5e5e5;\"><div class=\"flip-box-front-inner\"><div class=\"flip-box-grafix flip-box-circle\"><i aria-hidden=\"true\" class=\" fa fa-money\"><\/i><\/div><h2 class=\"flip-box-heading without-text\">KOSTNADSEFFEKTIVA PRODUKTER OCH TJ\u00c4NSTER<\/h2><\/div><\/div><div class=\"flip-box-back\" style=\"--awb-icon-color:#ffffff;--awb-background-color-back:#004c7d;\"><div class=\"flip-box-back-inner\"><h3 class=\"flip-box-heading-back\">KOSTNADSEFFEKTIVA PRODUKTER OCH TJ\u00c4NSTER<\/h3>\n<p>Med v\u00e5r unika kompetens och erfarenhet inom produktion, lagerh\u00e5llning och logistik kan vi ge dig alternativa och kostnadseffektiva l\u00f6sningar.<\/p>\n<\/div><\/div><\/div><\/div><\/div><div class=\"fusion-flip-box-wrapper fusion-column col-lg-4 col-md-4 col-sm-4\"><div class=\"fusion-flip-box flip-right\" tabindex=\"0\"><div class=\"flip-box-inner-wrapper\"><div class=\"flip-box-front\" style=\"--awb-icon-color:#ffffff;--awb-background-color-front:#e5e5e5;\"><div class=\"flip-box-front-inner\"><div class=\"flip-box-grafix flip-box-circle\"><i aria-hidden=\"true\" class=\" fa fa-bolt\"><\/i><\/div><h2 class=\"flip-box-heading without-text\">SNABBA LEVERANSER<\/h2><\/div><\/div><div class=\"flip-box-back\" style=\"--awb-icon-color:#ffffff;--awb-background-color-back:#004c7d;\"><div class=\"flip-box-back-inner\"><h3 class=\"flip-box-heading-back\">SNABBA LEVERANSER<\/h3>\n<p>Vi levererar n\u00f6dv\u00e4ndiga komponenter fr\u00e5n v\u00e5rt lager utan dr\u00f6jsm\u00e5l.<\/p>\n<\/div><\/div><\/div><\/div><\/div><\/div><\/div><\/div><\/div><\/div><\/p>","protected":false},"excerpt":{"rendered":"","protected":false},"author":5,"featured_media":0,"parent":0,"menu_order":0,"comment_status":"closed","ping_status":"closed","template":"","meta":{"ngg_post_thumbnail":0,"footnotes":""},"class_list":["post-2196","page","type-page","status-publish","hentry"],"_links":{"self":[{"href":"https:\/\/www.ferral.fi\/sv\/wp-json\/wp\/v2\/pages\/2196","targetHints":{"allow":["GET"]}}],"collection":[{"href":"https:\/\/www.ferral.fi\/sv\/wp-json\/wp\/v2\/pages"}],"about":[{"href":"https:\/\/www.ferral.fi\/sv\/wp-json\/wp\/v2\/types\/page"}],"author":[{"embeddable":true,"href":"https:\/\/www.ferral.fi\/sv\/wp-json\/wp\/v2\/users\/5"}],"replies":[{"embeddable":true,"href":"https:\/\/www.ferral.fi\/sv\/wp-json\/wp\/v2\/comments?post=2196"}],"version-history":[{"count":0,"href":"https:\/\/www.ferral.fi\/sv\/wp-json\/wp\/v2\/pages\/2196\/revisions"}],"wp:attachment":[{"href":"https:\/\/www.ferral.fi\/sv\/wp-json\/wp\/v2\/media?parent=2196"}],"curies":[{"name":"wp","href":"https:\/\/api.w.org\/{rel}","templated":true}]}}