{"id":1469,"date":"2015-02-20T10:26:20","date_gmt":"2015-02-20T08:26:20","guid":{"rendered":"http:\/\/www.ferral.fi\/?page_id=1469"},"modified":"2024-09-03T20:54:02","modified_gmt":"2024-09-03T17:54:02","slug":"asiakastyytyvaisyyskysely","status":"publish","type":"page","link":"https:\/\/www.ferral.fi\/en\/asiakastyytyvaisyyskysely\/","title":{"rendered":"Asiakastyytyv\u00e4isyyskysely"},"content":{"rendered":"<input class=\"fooboxshare_post_id\" type=\"hidden\" value=\"1469\"\/><p><strong>Asiakastyytyv\u00e4isyyskysely 2016 \/ Ferral Components Oy<\/strong><\/p>\n<p>T\u00e4m\u00e4n kyselyn avulla pyrimme selvitt\u00e4m\u00e4\u00e4n Ferral Components Oy:n palvelun laatutason sek\u00e4 tutkimaan asiakastyytyv\u00e4isyytt\u00e4. N\u00e4in voimme kehitt\u00e4\u00e4 toimintaamme vastaamaan entist\u00e4 paremmin Teid\u00e4n tarpeitanne. Lis\u00e4ksi haluamme kuulla Teid\u00e4n mielipiteenne siit\u00e4, mitk\u00e4 ovat toiminnan kehitt\u00e4misen t\u00e4rkeimm\u00e4n kohdat.<\/p>\n<p><strong>Kyselyn t\u00e4ytt\u00f6ohjeet:<\/strong><br \/>\n<strong>A<\/strong> Anna arvosana arvioitavista kohteista asteikolla 4-10 (4 =eritt\u00e4in huono ja 10 =erinomainen). Mik\u00e4li et tunne kyseist\u00e4 kohtaa, voit my\u00f6s j\u00e4tt\u00e4\u00e4 vastaamatta<br \/>\n<strong>B<\/strong> Arvioi viel\u00e4 kohteiden t\u00e4rkeytt\u00e4. Merkitse vain kolme mielest\u00e4nne t\u00e4rkeint\u00e4 kohtaa<br \/>\n1 = t\u00e4rkein, 2 = toiseksi t\u00e4rkein, 3 = kolmanneksi t\u00e4rkein.<\/p>\n\n<div class=\"wpcf7 no-js\" id=\"wpcf7-f1475-o1\" lang=\"fi\" dir=\"ltr\" data-wpcf7-id=\"1475\">\n<div class=\"screen-reader-response\"><p role=\"status\" aria-live=\"polite\" aria-atomic=\"true\"><\/p> <ul><\/ul><\/div>\n<form action=\"\/en\/wp-json\/wp\/v2\/pages\/1469#wpcf7-f1475-o1\" method=\"post\" class=\"wpcf7-form init\" aria-label=\"Yhteydenottolomake\" novalidate=\"novalidate\" data-status=\"init\">\n<fieldset class=\"hidden-fields-container\"><input type=\"hidden\" name=\"_wpcf7\" value=\"1475\" \/><input type=\"hidden\" name=\"_wpcf7_version\" value=\"6.1.5\" \/><input type=\"hidden\" name=\"_wpcf7_locale\" value=\"fi\" \/><input type=\"hidden\" name=\"_wpcf7_unit_tag\" value=\"wpcf7-f1475-o1\" \/><input type=\"hidden\" name=\"_wpcf7_container_post\" value=\"0\" \/><input type=\"hidden\" name=\"_wpcf7_posted_data_hash\" value=\"\" \/><input type=\"hidden\" name=\"_wpcf7_recaptcha_response\" value=\"\" \/>\n<\/fieldset>\n<h4>Arvioitavat kohteet:\n<\/h4>\n<div id=\"kysely_ryhma\">\n\t<div id=\"kysely_rivi0\">\n\t\t<div id=\"kysely_rivi1\">\n\t\t\t<p>Palvelualttius:\n\t\t\t<\/p>\n\t\t<\/div>\n\t\t<div id=\"kysely_rivi2\">\n\t\t\t<p><span  class=\"wpcf7-form-control wpcf7-starratingawesome wpcf7-validates-as-required starratingawesome\" data-def=\"0\" ><span  class=\"starrating_number\" >0<\/span><input  id=\"starstarratingawesome-1_10\" type=\"radio\" name=\"starratingawesome-1\" value=\"10\"  \/><label for=\"starstarratingawesome-1_10\" title=\"10\"><i class=\"fa fa-star\"><\/i><\/label><input  id=\"starstarratingawesome-1_9\" type=\"radio\" name=\"starratingawesome-1\" value=\"9\"  \/><label for=\"starstarratingawesome-1_9\" title=\"9\"><i class=\"fa fa-star\"><\/i><\/label><input  id=\"starstarratingawesome-1_8\" type=\"radio\" name=\"starratingawesome-1\" value=\"8\"  \/><label for=\"starstarratingawesome-1_8\" title=\"8\"><i class=\"fa fa-star\"><\/i><\/label><input  id=\"starstarratingawesome-1_7\" type=\"radio\" name=\"starratingawesome-1\" value=\"7\"  \/><label for=\"starstarratingawesome-1_7\" title=\"7\"><i class=\"fa fa-star\"><\/i><\/label><input  id=\"starstarratingawesome-1_6\" type=\"radio\" name=\"starratingawesome-1\" value=\"6\"  \/><label for=\"starstarratingawesome-1_6\" title=\"6\"><i class=\"fa fa-star\"><\/i><\/label><input  id=\"starstarratingawesome-1_5\" type=\"radio\" name=\"starratingawesome-1\" value=\"5\"  \/><label for=\"starstarratingawesome-1_5\" title=\"5\"><i class=\"fa fa-star\"><\/i><\/label><input  id=\"starstarratingawesome-1_4\" type=\"radio\" name=\"starratingawesome-1\" value=\"4\"  \/><label for=\"starstarratingawesome-1_4\" title=\"4\"><i class=\"fa fa-star\"><\/i><\/label><\/span>\n\t\t\t<\/p>\n\t\t<\/div>\n\t<\/div>\n\t<div id=\"kysely_rivi0\">\n\t\t<div id=\"kysely_rivi1\">\n\t\t\t<p>Asiantuntemus:\n\t\t\t<\/p>\n\t\t<\/div>\n\t\t<div id=\"kysely_rivi2\">\n\t\t\t<p><span  class=\"wpcf7-form-control wpcf7-starratingawesome wpcf7-validates-as-required starratingawesome\" data-def=\"0\" ><span  class=\"starrating_number\" >0<\/span><input  id=\"starstarratingawesome-2_10\" type=\"radio\" name=\"starratingawesome-2\" value=\"10\"  \/><label for=\"starstarratingawesome-2_10\" title=\"10\"><i class=\"fa fa-star\"><\/i><\/label><input  id=\"starstarratingawesome-2_9\" type=\"radio\" name=\"starratingawesome-2\" value=\"9\"  \/><label for=\"starstarratingawesome-2_9\" title=\"9\"><i class=\"fa fa-star\"><\/i><\/label><input  id=\"starstarratingawesome-2_8\" type=\"radio\" name=\"starratingawesome-2\" value=\"8\"  \/><label for=\"starstarratingawesome-2_8\" title=\"8\"><i class=\"fa fa-star\"><\/i><\/label><input  id=\"starstarratingawesome-2_7\" type=\"radio\" name=\"starratingawesome-2\" value=\"7\"  \/><label for=\"starstarratingawesome-2_7\" title=\"7\"><i class=\"fa fa-star\"><\/i><\/label><input  id=\"starstarratingawesome-2_6\" type=\"radio\" name=\"starratingawesome-2\" value=\"6\"  \/><label for=\"starstarratingawesome-2_6\" title=\"6\"><i class=\"fa fa-star\"><\/i><\/label><input  id=\"starstarratingawesome-2_5\" type=\"radio\" name=\"starratingawesome-2\" value=\"5\"  \/><label for=\"starstarratingawesome-2_5\" title=\"5\"><i class=\"fa fa-star\"><\/i><\/label><input  id=\"starstarratingawesome-2_4\" type=\"radio\" name=\"starratingawesome-2\" value=\"4\"  \/><label for=\"starstarratingawesome-2_4\" title=\"4\"><i class=\"fa fa-star\"><\/i><\/label><\/span>\n\t\t\t<\/p>\n\t\t<\/div>\n\t<\/div>\n\t<div id=\"kysely_rivi0\">\n\t\t<div id=\"kysely_rivi1\">\n\t\t\t<p>Asiakkaan tarpeiden huomioiminen:\n\t\t\t<\/p>\n\t\t<\/div>\n\t\t<div id=\"kysely_rivi2\">\n\t\t\t<p><span  class=\"wpcf7-form-control wpcf7-starratingawesome wpcf7-validates-as-required starratingawesome\" data-def=\"0\" ><span  class=\"starrating_number\" >0<\/span><input  id=\"starstarratingawesome-3_10\" type=\"radio\" name=\"starratingawesome-3\" value=\"10\"  \/><label for=\"starstarratingawesome-3_10\" title=\"10\"><i class=\"fa fa-star\"><\/i><\/label><input  id=\"starstarratingawesome-3_9\" type=\"radio\" name=\"starratingawesome-3\" value=\"9\"  \/><label for=\"starstarratingawesome-3_9\" title=\"9\"><i class=\"fa fa-star\"><\/i><\/label><input  id=\"starstarratingawesome-3_8\" type=\"radio\" name=\"starratingawesome-3\" value=\"8\"  \/><label for=\"starstarratingawesome-3_8\" title=\"8\"><i class=\"fa fa-star\"><\/i><\/label><input  id=\"starstarratingawesome-3_7\" type=\"radio\" name=\"starratingawesome-3\" value=\"7\"  \/><label for=\"starstarratingawesome-3_7\" title=\"7\"><i class=\"fa fa-star\"><\/i><\/label><input  id=\"starstarratingawesome-3_6\" type=\"radio\" name=\"starratingawesome-3\" value=\"6\"  \/><label for=\"starstarratingawesome-3_6\" title=\"6\"><i class=\"fa fa-star\"><\/i><\/label><input  id=\"starstarratingawesome-3_5\" type=\"radio\" name=\"starratingawesome-3\" value=\"5\"  \/><label for=\"starstarratingawesome-3_5\" title=\"5\"><i class=\"fa fa-star\"><\/i><\/label><input  id=\"starstarratingawesome-3_4\" type=\"radio\" name=\"starratingawesome-3\" value=\"4\"  \/><label for=\"starstarratingawesome-3_4\" title=\"4\"><i class=\"fa fa-star\"><\/i><\/label><\/span>\n\t\t\t<\/p>\n\t\t<\/div>\n\t<\/div>\n\t<div id=\"kysely_rivi0\">\n\t\t<div id=\"kysely_rivi1\">\n\t\t\t<p>Palvelujen monipuolisuus:\n\t\t\t<\/p>\n\t\t<\/div>\n\t\t<div id=\"kysely_rivi2\">\n\t\t\t<p><span  class=\"wpcf7-form-control wpcf7-starratingawesome wpcf7-validates-as-required starratingawesome\" data-def=\"0\" ><span  class=\"starrating_number\" >0<\/span><input  id=\"starstarratingawesome-4_10\" type=\"radio\" name=\"starratingawesome-4\" value=\"10\"  \/><label for=\"starstarratingawesome-4_10\" title=\"10\"><i class=\"fa fa-star\"><\/i><\/label><input  id=\"starstarratingawesome-4_9\" type=\"radio\" name=\"starratingawesome-4\" value=\"9\"  \/><label for=\"starstarratingawesome-4_9\" title=\"9\"><i class=\"fa fa-star\"><\/i><\/label><input  id=\"starstarratingawesome-4_8\" type=\"radio\" name=\"starratingawesome-4\" value=\"8\"  \/><label for=\"starstarratingawesome-4_8\" title=\"8\"><i class=\"fa fa-star\"><\/i><\/label><input  id=\"starstarratingawesome-4_7\" type=\"radio\" name=\"starratingawesome-4\" value=\"7\"  \/><label for=\"starstarratingawesome-4_7\" title=\"7\"><i class=\"fa fa-star\"><\/i><\/label><input  id=\"starstarratingawesome-4_6\" type=\"radio\" name=\"starratingawesome-4\" value=\"6\"  \/><label for=\"starstarratingawesome-4_6\" title=\"6\"><i class=\"fa fa-star\"><\/i><\/label><input  id=\"starstarratingawesome-4_5\" type=\"radio\" name=\"starratingawesome-4\" value=\"5\"  \/><label for=\"starstarratingawesome-4_5\" title=\"5\"><i class=\"fa fa-star\"><\/i><\/label><input  id=\"starstarratingawesome-4_4\" type=\"radio\" name=\"starratingawesome-4\" value=\"4\"  \/><label for=\"starstarratingawesome-4_4\" title=\"4\"><i class=\"fa fa-star\"><\/i><\/label><\/span>\n\t\t\t<\/p>\n\t\t<\/div>\n\t<\/div>\n\t<div id=\"kysely_rivi0\">\n\t\t<div id=\"kysely_rivi1\">\n\t\t\t<p>Ongelmatilanteiden ratkaisukyky:\n\t\t\t<\/p>\n\t\t<\/div>\n\t\t<div id=\"kysely_rivi2\">\n\t\t\t<p><span  class=\"wpcf7-form-control wpcf7-starratingawesome wpcf7-validates-as-required starratingawesome\" data-def=\"0\" ><span  class=\"starrating_number\" >0<\/span><input  id=\"starstarratingawesome-5_10\" type=\"radio\" name=\"starratingawesome-5\" value=\"10\"  \/><label for=\"starstarratingawesome-5_10\" title=\"10\"><i class=\"fa fa-star\"><\/i><\/label><input  id=\"starstarratingawesome-5_9\" type=\"radio\" name=\"starratingawesome-5\" value=\"9\"  \/><label for=\"starstarratingawesome-5_9\" title=\"9\"><i class=\"fa fa-star\"><\/i><\/label><input  id=\"starstarratingawesome-5_8\" type=\"radio\" name=\"starratingawesome-5\" value=\"8\"  \/><label for=\"starstarratingawesome-5_8\" title=\"8\"><i class=\"fa fa-star\"><\/i><\/label><input  id=\"starstarratingawesome-5_7\" type=\"radio\" name=\"starratingawesome-5\" value=\"7\"  \/><label for=\"starstarratingawesome-5_7\" title=\"7\"><i class=\"fa fa-star\"><\/i><\/label><input  id=\"starstarratingawesome-5_6\" type=\"radio\" name=\"starratingawesome-5\" value=\"6\"  \/><label for=\"starstarratingawesome-5_6\" title=\"6\"><i class=\"fa fa-star\"><\/i><\/label><input  id=\"starstarratingawesome-5_5\" type=\"radio\" name=\"starratingawesome-5\" value=\"5\"  \/><label for=\"starstarratingawesome-5_5\" title=\"5\"><i class=\"fa fa-star\"><\/i><\/label><input  id=\"starstarratingawesome-5_4\" type=\"radio\" name=\"starratingawesome-5\" value=\"4\"  \/><label for=\"starstarratingawesome-5_4\" title=\"4\"><i class=\"fa fa-star\"><\/i><\/label><\/span>\n\t\t\t<\/p>\n\t\t<\/div>\n\t<\/div>\n\t<div id=\"kysely_rivi0\">\n\t\t<div id=\"kysely_rivi1\">\n\t\t\t<p>Tuotteiden laatu:\n\t\t\t<\/p>\n\t\t<\/div>\n\t\t<div id=\"kysely_rivi2\">\n\t\t\t<p><span  class=\"wpcf7-form-control wpcf7-starratingawesome wpcf7-validates-as-required starratingawesome\" data-def=\"0\" ><span  class=\"starrating_number\" >0<\/span><input  id=\"starstarratingawesome-6_10\" type=\"radio\" name=\"starratingawesome-6\" value=\"10\"  \/><label for=\"starstarratingawesome-6_10\" title=\"10\"><i class=\"fa fa-star\"><\/i><\/label><input  id=\"starstarratingawesome-6_9\" type=\"radio\" name=\"starratingawesome-6\" value=\"9\"  \/><label for=\"starstarratingawesome-6_9\" title=\"9\"><i class=\"fa fa-star\"><\/i><\/label><input  id=\"starstarratingawesome-6_8\" type=\"radio\" name=\"starratingawesome-6\" value=\"8\"  \/><label for=\"starstarratingawesome-6_8\" title=\"8\"><i class=\"fa fa-star\"><\/i><\/label><input  id=\"starstarratingawesome-6_7\" type=\"radio\" name=\"starratingawesome-6\" value=\"7\"  \/><label for=\"starstarratingawesome-6_7\" title=\"7\"><i class=\"fa fa-star\"><\/i><\/label><input  id=\"starstarratingawesome-6_6\" type=\"radio\" name=\"starratingawesome-6\" value=\"6\"  \/><label for=\"starstarratingawesome-6_6\" title=\"6\"><i class=\"fa fa-star\"><\/i><\/label><input  id=\"starstarratingawesome-6_5\" type=\"radio\" name=\"starratingawesome-6\" value=\"5\"  \/><label for=\"starstarratingawesome-6_5\" title=\"5\"><i class=\"fa fa-star\"><\/i><\/label><input  id=\"starstarratingawesome-6_4\" type=\"radio\" name=\"starratingawesome-6\" value=\"4\"  \/><label for=\"starstarratingawesome-6_4\" title=\"4\"><i class=\"fa fa-star\"><\/i><\/label><\/span>\n\t\t\t<\/p>\n\t\t<\/div>\n\t<\/div>\n\t<div id=\"kysely_rivi0\">\n\t\t<div id=\"kysely_rivi1\">\n\t\t\t<p>Toimitusvarmuus:\n\t\t\t<\/p>\n\t\t<\/div>\n\t\t<div id=\"kysely_rivi2\">\n\t\t\t<p><span  class=\"wpcf7-form-control wpcf7-starratingawesome wpcf7-validates-as-required starratingawesome\" data-def=\"0\" ><span  class=\"starrating_number\" >0<\/span><input  id=\"starstarratingawesome-10_10\" type=\"radio\" name=\"starratingawesome-10\" value=\"10\"  \/><label for=\"starstarratingawesome-10_10\" title=\"10\"><i class=\"fa fa-star\"><\/i><\/label><input  id=\"starstarratingawesome-10_9\" type=\"radio\" name=\"starratingawesome-10\" value=\"9\"  \/><label for=\"starstarratingawesome-10_9\" title=\"9\"><i class=\"fa fa-star\"><\/i><\/label><input  id=\"starstarratingawesome-10_8\" type=\"radio\" name=\"starratingawesome-10\" value=\"8\"  \/><label for=\"starstarratingawesome-10_8\" title=\"8\"><i class=\"fa fa-star\"><\/i><\/label><input  id=\"starstarratingawesome-10_7\" type=\"radio\" name=\"starratingawesome-10\" value=\"7\"  \/><label for=\"starstarratingawesome-10_7\" title=\"7\"><i class=\"fa fa-star\"><\/i><\/label><input  id=\"starstarratingawesome-10_6\" type=\"radio\" name=\"starratingawesome-10\" value=\"6\"  \/><label for=\"starstarratingawesome-10_6\" title=\"6\"><i class=\"fa fa-star\"><\/i><\/label><input  id=\"starstarratingawesome-10_5\" type=\"radio\" name=\"starratingawesome-10\" value=\"5\"  \/><label for=\"starstarratingawesome-10_5\" title=\"5\"><i class=\"fa fa-star\"><\/i><\/label><input  id=\"starstarratingawesome-10_4\" type=\"radio\" name=\"starratingawesome-10\" value=\"4\"  \/><label for=\"starstarratingawesome-10_4\" title=\"4\"><i class=\"fa fa-star\"><\/i><\/label><\/span>\n\t\t\t<\/p>\n\t\t<\/div>\n\t<\/div>\n\t<div id=\"kysely_rivi0\">\n\t\t<div id=\"kysely_rivi1\">\n\t\t\t<p>Toimitusnopeus:\n\t\t\t<\/p>\n\t\t<\/div>\n\t\t<div id=\"kysely_rivi2\">\n\t\t\t<p><span  class=\"wpcf7-form-control wpcf7-starratingawesome wpcf7-validates-as-required starratingawesome\" data-def=\"0\" ><span  class=\"starrating_number\" >0<\/span><input  id=\"starstarratingawesome-7_10\" type=\"radio\" name=\"starratingawesome-7\" value=\"10\"  \/><label for=\"starstarratingawesome-7_10\" title=\"10\"><i class=\"fa fa-star\"><\/i><\/label><input  id=\"starstarratingawesome-7_9\" type=\"radio\" name=\"starratingawesome-7\" value=\"9\"  \/><label for=\"starstarratingawesome-7_9\" title=\"9\"><i class=\"fa fa-star\"><\/i><\/label><input  id=\"starstarratingawesome-7_8\" type=\"radio\" name=\"starratingawesome-7\" value=\"8\"  \/><label for=\"starstarratingawesome-7_8\" title=\"8\"><i class=\"fa fa-star\"><\/i><\/label><input  id=\"starstarratingawesome-7_7\" type=\"radio\" name=\"starratingawesome-7\" value=\"7\"  \/><label for=\"starstarratingawesome-7_7\" title=\"7\"><i class=\"fa fa-star\"><\/i><\/label><input  id=\"starstarratingawesome-7_6\" type=\"radio\" name=\"starratingawesome-7\" value=\"6\"  \/><label for=\"starstarratingawesome-7_6\" title=\"6\"><i class=\"fa fa-star\"><\/i><\/label><input  id=\"starstarratingawesome-7_5\" type=\"radio\" name=\"starratingawesome-7\" value=\"5\"  \/><label for=\"starstarratingawesome-7_5\" title=\"5\"><i class=\"fa fa-star\"><\/i><\/label><input  id=\"starstarratingawesome-7_4\" type=\"radio\" name=\"starratingawesome-7\" value=\"4\"  \/><label for=\"starstarratingawesome-7_4\" title=\"4\"><i class=\"fa fa-star\"><\/i><\/label><\/span>\n\t\t\t<\/p>\n\t\t<\/div>\n\t<\/div>\n\t<div id=\"kysely_rivi0\">\n\t\t<div id=\"kysely_rivi1\">\n\t\t\t<p>Hintataso kilpailutilanteessa:\n\t\t\t<\/p>\n\t\t<\/div>\n\t\t<div id=\"kysely_rivi2\">\n\t\t\t<p><span  class=\"wpcf7-form-control wpcf7-starratingawesome wpcf7-validates-as-required starratingawesome\" data-def=\"0\" ><span  class=\"starrating_number\" >0<\/span><input  id=\"starstarratingawesome-8_10\" type=\"radio\" name=\"starratingawesome-8\" value=\"10\"  \/><label for=\"starstarratingawesome-8_10\" title=\"10\"><i class=\"fa fa-star\"><\/i><\/label><input  id=\"starstarratingawesome-8_9\" type=\"radio\" name=\"starratingawesome-8\" value=\"9\"  \/><label for=\"starstarratingawesome-8_9\" title=\"9\"><i class=\"fa fa-star\"><\/i><\/label><input  id=\"starstarratingawesome-8_8\" type=\"radio\" name=\"starratingawesome-8\" value=\"8\"  \/><label for=\"starstarratingawesome-8_8\" title=\"8\"><i class=\"fa fa-star\"><\/i><\/label><input  id=\"starstarratingawesome-8_7\" type=\"radio\" name=\"starratingawesome-8\" value=\"7\"  \/><label for=\"starstarratingawesome-8_7\" title=\"7\"><i class=\"fa fa-star\"><\/i><\/label><input  id=\"starstarratingawesome-8_6\" type=\"radio\" name=\"starratingawesome-8\" value=\"6\"  \/><label for=\"starstarratingawesome-8_6\" title=\"6\"><i class=\"fa fa-star\"><\/i><\/label><input  id=\"starstarratingawesome-8_5\" type=\"radio\" name=\"starratingawesome-8\" value=\"5\"  \/><label for=\"starstarratingawesome-8_5\" title=\"5\"><i class=\"fa fa-star\"><\/i><\/label><input  id=\"starstarratingawesome-8_4\" type=\"radio\" name=\"starratingawesome-8\" value=\"4\"  \/><label for=\"starstarratingawesome-8_4\" title=\"4\"><i class=\"fa fa-star\"><\/i><\/label><\/span>\n\t\t\t<\/p>\n\t\t<\/div>\n\t<\/div>\n\t<div id=\"kysely_rivi0\">\n\t\t<div id=\"kysely_rivi1\">\n\t\t\t<p>Yrityskuva:\n\t\t\t<\/p>\n\t\t<\/div>\n\t\t<div id=\"kysely_rivi2\">\n\t\t\t<p><span  class=\"wpcf7-form-control wpcf7-starratingawesome wpcf7-validates-as-required starratingawesome\" data-def=\"0\" ><span  class=\"starrating_number\" >0<\/span><input  id=\"starstarratingawesome-9_10\" type=\"radio\" name=\"starratingawesome-9\" value=\"10\"  \/><label for=\"starstarratingawesome-9_10\" title=\"10\"><i class=\"fa fa-star\"><\/i><\/label><input  id=\"starstarratingawesome-9_9\" type=\"radio\" name=\"starratingawesome-9\" value=\"9\"  \/><label for=\"starstarratingawesome-9_9\" title=\"9\"><i class=\"fa fa-star\"><\/i><\/label><input  id=\"starstarratingawesome-9_8\" type=\"radio\" name=\"starratingawesome-9\" value=\"8\"  \/><label for=\"starstarratingawesome-9_8\" title=\"8\"><i class=\"fa fa-star\"><\/i><\/label><input  id=\"starstarratingawesome-9_7\" type=\"radio\" name=\"starratingawesome-9\" value=\"7\"  \/><label for=\"starstarratingawesome-9_7\" title=\"7\"><i class=\"fa fa-star\"><\/i><\/label><input  id=\"starstarratingawesome-9_6\" type=\"radio\" name=\"starratingawesome-9\" value=\"6\"  \/><label for=\"starstarratingawesome-9_6\" title=\"6\"><i class=\"fa fa-star\"><\/i><\/label><input  id=\"starstarratingawesome-9_5\" type=\"radio\" name=\"starratingawesome-9\" value=\"5\"  \/><label for=\"starstarratingawesome-9_5\" title=\"5\"><i class=\"fa fa-star\"><\/i><\/label><input  id=\"starstarratingawesome-9_4\" type=\"radio\" name=\"starratingawesome-9\" value=\"4\"  \/><label for=\"starstarratingawesome-9_4\" title=\"4\"><i class=\"fa fa-star\"><\/i><\/label><\/span>\n\t\t\t<\/p>\n\t\t<\/div>\n\t<\/div>\n<\/div>\n<h4>Kolme mielest\u00e4nne t\u00e4rkeint\u00e4 kohtaa:\n<\/h4>\n<div id=\"kysely_ryhma\">\n\t<div id=\"kysely_rivi_tarkeyslista\">\n\t\t<p>1. T\u00e4rkein<br \/>\n<span class=\"wpcf7-form-control-wrap\" data-name=\"menu-1\"><select class=\"wpcf7-form-control wpcf7-select wpcf7-validates-as-required\" aria-required=\"true\" aria-invalid=\"false\" name=\"menu-1\"><option value=\"\">&#8212;Valitse vaihtoehto&#8212;<\/option><option value=\"Palvelualttius\">Palvelualttius<\/option><option value=\"Asiantuntemus\">Asiantuntemus<\/option><option value=\"Asiakkaan tarpeiden huomioiminen\">Asiakkaan tarpeiden huomioiminen<\/option><option value=\"Palvelujen monipuolisuus\">Palvelujen monipuolisuus<\/option><option value=\"Ongelmatilanteiden ratkaisukyky\">Ongelmatilanteiden ratkaisukyky<\/option><option value=\"Tuotteiden laatu\">Tuotteiden laatu<\/option><option value=\"Toimitusvarmuus\">Toimitusvarmuus<\/option><option value=\"Toimitusnopeus\">Toimitusnopeus<\/option><option value=\"Hintataso kilpailutilanteessa\">Hintataso kilpailutilanteessa<\/option><option value=\"Yrityskuva\">Yrityskuva<\/option><\/select><\/span>\n\t\t<\/p>\n\t<\/div>\n\t<div id=\"kysely_rivi_tarkeyslista\">\n\t\t<p>2. Toiseksi t\u00e4rkein<br \/>\n<span class=\"wpcf7-form-control-wrap\" data-name=\"menu-2\"><select class=\"wpcf7-form-control wpcf7-select wpcf7-validates-as-required\" aria-required=\"true\" aria-invalid=\"false\" name=\"menu-2\"><option value=\"\">&#8212;Valitse vaihtoehto&#8212;<\/option><option value=\"Palvelualttius\">Palvelualttius<\/option><option value=\"Asiantuntemus\">Asiantuntemus<\/option><option value=\"Asiakkaan tarpeiden huomioiminen\">Asiakkaan tarpeiden huomioiminen<\/option><option value=\"Palvelujen monipuolisuus\">Palvelujen monipuolisuus<\/option><option value=\"Ongelmatilanteiden ratkaisukyky\">Ongelmatilanteiden ratkaisukyky<\/option><option value=\"Tuotteiden laatu\">Tuotteiden laatu<\/option><option value=\"Toimitusvarmuus\">Toimitusvarmuus<\/option><option value=\"Toimitusnopeus\">Toimitusnopeus<\/option><option value=\"Hintataso kilpailutilanteessa\">Hintataso kilpailutilanteessa<\/option><option value=\"Yrityskuva\">Yrityskuva<\/option><\/select><\/span>\n\t\t<\/p>\n\t<\/div>\n\t<div id=\"kysely_rivi_tarkeyslista\">\n\t\t<p>3. Kolmanneksi t\u00e4rkein<br \/>\n<span class=\"wpcf7-form-control-wrap\" data-name=\"menu-3\"><select class=\"wpcf7-form-control wpcf7-select wpcf7-validates-as-required\" aria-required=\"true\" aria-invalid=\"false\" name=\"menu-3\"><option value=\"\">&#8212;Valitse vaihtoehto&#8212;<\/option><option value=\"Palvelualttius\">Palvelualttius<\/option><option value=\"Asiantuntemus\">Asiantuntemus<\/option><option value=\"Asiakkaan tarpeiden huomioiminen\">Asiakkaan tarpeiden huomioiminen<\/option><option value=\"Palvelujen monipuolisuus\">Palvelujen monipuolisuus<\/option><option value=\"Ongelmatilanteiden ratkaisukyky\">Ongelmatilanteiden ratkaisukyky<\/option><option value=\"Tuotteiden laatu\">Tuotteiden laatu<\/option><option value=\"Toimitusvarmuus\">Toimitusvarmuus<\/option><option value=\"Toimitusnopeus\">Toimitusnopeus<\/option><option value=\"Hintataso kilpailutilanteessa\">Hintataso kilpailutilanteessa<\/option><option value=\"Yrityskuva\">Yrityskuva<\/option><\/select><\/span>\n\t\t<\/p>\n\t<\/div>\n<\/div>\n<p>Kehitt\u00e4misehdotukset:\n<\/p>\n<p><span class=\"wpcf7-form-control-wrap\" data-name=\"your-message\"><textarea cols=\"40\" rows=\"10\" maxlength=\"2000\" class=\"wpcf7-form-control wpcf7-textarea\" aria-invalid=\"false\" name=\"your-message\"><\/textarea><\/span>\n<\/p>\n<p>Nimi (ei pakollinen)\n<\/p>\n<p><span class=\"wpcf7-form-control-wrap\" data-name=\"your-name\"><input size=\"40\" maxlength=\"400\" class=\"wpcf7-form-control wpcf7-text\" aria-invalid=\"false\" value=\"\" type=\"text\" name=\"your-name\" \/><\/span>\n<\/p>\n<p>S\u00e4hk\u00f6posti (ei pakollinen)\n<\/p>\n<p><span class=\"wpcf7-form-control-wrap\" data-name=\"your-email\"><input size=\"40\" maxlength=\"400\" class=\"wpcf7-form-control wpcf7-email wpcf7-text wpcf7-validates-as-email\" aria-invalid=\"false\" value=\"\" type=\"email\" name=\"your-email\" \/><\/span>\n<\/p>\n<p><input class=\"wpcf7-form-control wpcf7-submit has-spinner\" type=\"submit\" value=\"L\u00e4het\u00e4\" \/>\n<\/p><div class=\"fusion-alert alert custom alert-custom fusion-alert-center wpcf7-response-output awb-alert-native-link-color alert-dismissable awb-alert-close-boxed\" style=\"--awb-border-top-left-radius:0px;--awb-border-top-right-radius:0px;--awb-border-bottom-left-radius:0px;--awb-border-bottom-right-radius:0px;\" role=\"alert\"><div class=\"fusion-alert-content-wrapper\"><span class=\"fusion-alert-content\"><\/span><\/div><button type=\"button\" class=\"close toggle-alert\" data-dismiss=\"alert\" aria-label=\"Close\">&times;<\/button><\/div>\n<\/form>\n<\/div>\n\n","protected":false},"excerpt":{"rendered":"<p>Asiakastyytyv\u00e4isyyskysely 2016 \/ Ferral Components Oy T\u00e4m\u00e4n kyselyn avulla pyrimme selvitt\u00e4m\u00e4\u00e4n Ferral Components Oy:n palvelun laatutason sek\u00e4 tutkimaan asiakastyytyv\u00e4isyytt\u00e4. N\u00e4in voimme kehitt\u00e4\u00e4 toimintaamme vastaamaan entist\u00e4 paremmin Teid\u00e4n tarpeitanne. Lis\u00e4ksi haluamme kuulla Teid\u00e4n mielipiteenne siit\u00e4, mitk\u00e4 ovat toiminnan kehitt\u00e4misen t\u00e4rkeimm\u00e4n kohdat. Kyselyn t\u00e4ytt\u00f6ohjeet: A Anna arvosana arvioitavista kohteista asteikolla 4-10 (4 =eritt\u00e4in huono ja 10 =erinomainen).  [&#8230;]<\/p>\n","protected":false},"author":3,"featured_media":0,"parent":0,"menu_order":0,"comment_status":"closed","ping_status":"open","template":"","meta":{"ngg_post_thumbnail":0,"footnotes":""},"class_list":["post-1469","page","type-page","status-publish","hentry"],"_links":{"self":[{"href":"https:\/\/www.ferral.fi\/en\/wp-json\/wp\/v2\/pages\/1469","targetHints":{"allow":["GET"]}}],"collection":[{"href":"https:\/\/www.ferral.fi\/en\/wp-json\/wp\/v2\/pages"}],"about":[{"href":"https:\/\/www.ferral.fi\/en\/wp-json\/wp\/v2\/types\/page"}],"author":[{"embeddable":true,"href":"https:\/\/www.ferral.fi\/en\/wp-json\/wp\/v2\/users\/3"}],"replies":[{"embeddable":true,"href":"https:\/\/www.ferral.fi\/en\/wp-json\/wp\/v2\/comments?post=1469"}],"version-history":[{"count":0,"href":"https:\/\/www.ferral.fi\/en\/wp-json\/wp\/v2\/pages\/1469\/revisions"}],"wp:attachment":[{"href":"https:\/\/www.ferral.fi\/en\/wp-json\/wp\/v2\/media?parent=1469"}],"curies":[{"name":"wp","href":"https:\/\/api.w.org\/{rel}","templated":true}]}}